{"id":131,"date":"2020-09-15T06:48:51","date_gmt":"2020-09-15T06:48:51","guid":{"rendered":"https:\/\/borucino36.pl\/?page_id=131"},"modified":"2020-12-15T08:22:39","modified_gmt":"2020-12-15T07:22:39","slug":"services","status":"publish","type":"page","link":"https:\/\/borucino36.pl\/?page_id=131","title":{"rendered":"Nasza oferta"},"content":{"rendered":"\n<div class=\"wp-block-cover alignfull has-background-dim\" style=\"background-image:url(https:\/\/borucino36.pl\/wp-content\/uploads\/2020\/11\/IMG1026-s.jpg);background-color:#040219;min-height:550px;background-position:45% 60%;aspect-ratio:unset;\"><div class=\"wp-block-cover__inner-container is-layout-flow wp-block-cover-is-layout-flow\">\n<h1 class=\"has-text-align-center has-white-color has-text-color wp-block-heading\">oferta<\/h1>\n<\/div><\/div>\n\n\n\n<div class=\"wp-block-group alignfull has-white-background-color has-background\"><div class=\"wp-block-group__inner-container is-layout-flow wp-block-group-is-layout-flow\">\n<h2 class=\"has-text-align-center wp-block-heading\">chcesz odpocz\u0105\u0107 od miejskiego zgie\u0142ku?<\/h2>\n\n\n\n<hr class=\"wp-block-separator\"\/>\n\n\n\n<p class=\"has-text-align-center\">Zapraszamy do obejrzenia galerii zdj\u0119\u0107 naszych dom\u00f3w jak r\u00f3wnie\u017c innych atrakcji w naszej odpoczywajce<\/p>\n\n\n\n<div class=\"wp-block-columns is-layout-flex wp-container-core-columns-is-layout-28f84493 wp-block-columns-is-layout-flex\">\n<div class=\"wp-block-column is-layout-flow wp-block-column-is-layout-flow\">\n<div class=\"wp-block-group\"><div class=\"wp-block-group__inner-container is-layout-flow wp-block-group-is-layout-flow\">\n<div class=\"wp-block-image\"><figure class=\"aligncenter size-large\"><img loading=\"lazy\" decoding=\"async\" width=\"1024\" height=\"682\" src=\"https:\/\/borucino36.pl\/wp-content\/uploads\/2020\/11\/IMG1088-s-1024x682.jpg\" alt=\"\" class=\"wp-image-261\" srcset=\"https:\/\/borucino36.pl\/wp-content\/uploads\/2020\/11\/IMG1088-s-1024x682.jpg 1024w, https:\/\/borucino36.pl\/wp-content\/uploads\/2020\/11\/IMG1088-s-300x200.jpg 300w, https:\/\/borucino36.pl\/wp-content\/uploads\/2020\/11\/IMG1088-s-768x512.jpg 768w, https:\/\/borucino36.pl\/wp-content\/uploads\/2020\/11\/IMG1088-s-1536x1024.jpg 1536w, https:\/\/borucino36.pl\/wp-content\/uploads\/2020\/11\/IMG1088-s.jpg 2000w\" sizes=\"auto, (max-width: 1024px) 100vw, 1024px\" \/><\/figure><\/div>\n\n\n\n<h5 class=\"has-text-align-center wp-block-heading\">Domek pod brzozami<\/h5>\n\n\n\n<p class=\"has-text-align-center\">Zobacz galeri\u0119 zdj\u0119\u0107 z domku brzozowego<\/p>\n\n\n\n<div class=\"wp-block-buttons is-content-justification-center is-layout-flex wp-block-buttons-is-layout-flex\">\n<div class=\"wp-block-button\"><a class=\"wp-block-button__link\" href=\"https:\/\/borucino36.pl\/?page_id=477\">zobacz galeri\u0119<\/a><\/div>\n<\/div>\n<\/div><\/div>\n<\/div>\n\n\n\n<div class=\"wp-block-column is-layout-flow wp-block-column-is-layout-flow\">\n<div class=\"wp-block-group\"><div class=\"wp-block-group__inner-container is-layout-flow wp-block-group-is-layout-flow\">\n<div class=\"wp-block-image\"><figure class=\"aligncenter size-large\"><img loading=\"lazy\" decoding=\"async\" width=\"1024\" height=\"682\" src=\"https:\/\/borucino36.pl\/wp-content\/uploads\/2020\/11\/IMG1002-s-1024x682.jpg\" alt=\"\" class=\"wp-image-253\" srcset=\"https:\/\/borucino36.pl\/wp-content\/uploads\/2020\/11\/IMG1002-s-1024x682.jpg 1024w, https:\/\/borucino36.pl\/wp-content\/uploads\/2020\/11\/IMG1002-s-300x200.jpg 300w, https:\/\/borucino36.pl\/wp-content\/uploads\/2020\/11\/IMG1002-s-768x512.jpg 768w, https:\/\/borucino36.pl\/wp-content\/uploads\/2020\/11\/IMG1002-s-1536x1024.jpg 1536w, https:\/\/borucino36.pl\/wp-content\/uploads\/2020\/11\/IMG1002-s.jpg 2000w\" sizes=\"auto, (max-width: 1024px) 100vw, 1024px\" \/><\/figure><\/div>\n\n\n\n<h5 class=\"has-text-align-center wp-block-heading\">Dom modrzewiowy<\/h5>\n\n\n\n<p class=\"has-text-align-center\">Zobacz galeri\u0119 zdj\u0119\u0107 z domku modrzewiowego<\/p>\n\n\n\n<div class=\"wp-block-buttons is-content-justification-center is-layout-flex wp-block-buttons-is-layout-flex\">\n<div class=\"wp-block-button\"><a class=\"wp-block-button__link\" href=\"https:\/\/borucino36.pl\/?page_id=509\"><strong>ZOBACZ GALERI\u0118<\/strong><\/a><\/div>\n<\/div>\n<\/div><\/div>\n<\/div>\n<\/div>\n\n\n\n<div class=\"wp-block-columns is-layout-flex wp-container-core-columns-is-layout-28f84493 wp-block-columns-is-layout-flex\">\n<div class=\"wp-block-column is-layout-flow wp-block-column-is-layout-flow\">\n<div class=\"wp-block-group\"><div class=\"wp-block-group__inner-container is-layout-flow wp-block-group-is-layout-flow\">\n<div class=\"wp-block-image\"><figure class=\"aligncenter size-large\"><img loading=\"lazy\" decoding=\"async\" width=\"1024\" height=\"684\" src=\"https:\/\/borucino36.pl\/wp-content\/uploads\/2020\/11\/IMG0861-s-1024x684.jpg\" alt=\"\" class=\"wp-image-44\" srcset=\"https:\/\/borucino36.pl\/wp-content\/uploads\/2020\/11\/IMG0861-s-1024x684.jpg 1024w, https:\/\/borucino36.pl\/wp-content\/uploads\/2020\/11\/IMG0861-s-300x200.jpg 300w, https:\/\/borucino36.pl\/wp-content\/uploads\/2020\/11\/IMG0861-s-768x513.jpg 768w, https:\/\/borucino36.pl\/wp-content\/uploads\/2020\/11\/IMG0861-s-1536x1025.jpg 1536w, https:\/\/borucino36.pl\/wp-content\/uploads\/2020\/11\/IMG0861-s-1200x801.jpg 1200w, https:\/\/borucino36.pl\/wp-content\/uploads\/2020\/11\/IMG0861-s-1980x1322.jpg 1980w, https:\/\/borucino36.pl\/wp-content\/uploads\/2020\/11\/IMG0861-s.jpg 2000w\" sizes=\"auto, (max-width: 1024px) 100vw, 1024px\" \/><\/figure><\/div>\n\n\n\n<h5 class=\"has-text-align-center wp-block-heading\">Sauna i bania<\/h5>\n\n\n\n<p class=\"has-text-align-center\">Dowiedz si\u0119 wi\u0119cej o naszej saunie i bani<\/p>\n\n\n\n<div class=\"wp-block-buttons is-content-justification-center is-layout-flex wp-block-buttons-is-layout-flex\">\n<div class=\"wp-block-button\"><a class=\"wp-block-button__link\" href=\"https:\/\/borucino36.pl\/?page_id=510\">Zobacz galeri\u0119<\/a><\/div>\n<\/div>\n<\/div><\/div>\n<\/div>\n\n\n\n<div class=\"wp-block-column is-layout-flow wp-block-column-is-layout-flow\">\n<div class=\"wp-block-group\"><div class=\"wp-block-group__inner-container is-layout-flow wp-block-group-is-layout-flow\">\n<div class=\"wp-block-image\"><figure class=\"aligncenter size-large\"><img loading=\"lazy\" decoding=\"async\" width=\"1024\" height=\"684\" src=\"https:\/\/borucino36.pl\/wp-content\/uploads\/2020\/11\/IMG0853-s-1024x684.jpg\" alt=\"\" class=\"wp-image-41\"\/><\/figure><\/div>\n\n\n\n<h5 class=\"has-text-align-center wp-block-heading\">Piec do pizzy i nie tylko<\/h5>\n\n\n\n<p class=\"has-text-align-center\">Dost\u0119pny dla wszystkich go\u015bci piec opalany drewnem<\/p>\n\n\n\n<div class=\"wp-block-buttons is-content-justification-center is-layout-flex wp-block-buttons-is-layout-flex\">\n<div class=\"wp-block-button\"><a class=\"wp-block-button__link\" href=\"https:\/\/borucino36.pl\/?page_id=511\">zobacz galeri\u0119<\/a><\/div>\n<\/div>\n<\/div><\/div>\n<\/div>\n<\/div>\n<\/div><\/div>\n\n\n\n<div class=\"wp-block-cover alignfull has-background-dim has-parallax\" style=\"background-image:url(https:\/\/borucino36.pl\/wp-content\/uploads\/2020\/11\/IMG1091-s-e1607545362675.jpg)\"><div class=\"wp-block-cover__inner-container is-layout-flow wp-block-cover-is-layout-flow\">\n<p class=\"has-text-align-center has-large-font-size\">Dowiedz si\u0119 wi\u0119cej o naszych domach<\/p>\n<\/div><\/div>\n\n\n\n<div class=\"wp-block-group alignfull has-background\" style=\"background-color:#f7f7f7\"><div class=\"wp-block-group__inner-container is-layout-flow wp-block-group-is-layout-flow\">\n<div class=\"wp-block-columns alignwide is-layout-flex wp-container-core-columns-is-layout-28f84493 wp-block-columns-is-layout-flex\">\n<div class=\"wp-block-column is-layout-flow wp-block-column-is-layout-flow\">\n<h3 class=\"wp-block-heading\">Dom Modrzewiowy<\/h3>\n\n\n\n<p>Dom Modrzewiowy pomie\u015bci 12 os\u00f3b a sk\u0142ada si\u0119 z:<\/p>\n\n\n\n<ul class=\"wp-block-list\"><li><strong>Kuchnia:<\/strong> w pe\u0142ni wyposa\u017cona kuchnia<\/li><li><strong>Jadalnia<\/strong>: wyposa\u017cona w du\u017cy st\u00f3\u0142 przy kt\u00f3rym zmie\u015bci si\u0119 12 os\u00f3b <\/li><li><strong>Sypialnie<\/strong>: 4 dwuosobowe sypialnie w w\u0142asn\u0105 \u0142azienk\u0105 i toalet\u0105 <\/li><li><strong>Sypialnia<\/strong> <strong>na<\/strong> <strong>poddaszu<\/strong>: znajduj\u0105 si\u0119 tam 2 du\u017ce podw\u00f3jne \u0142\u00f3\u017cka, przestrze\u0144 dla dw\u00f3ch do czterech dzieci. <\/li><li><strong>\u0141azienka<\/strong>: \u0142azienka oraz toaleta dedykowana dla pokoju na poddaszu (dzieci\u0119cego)<\/li><li><strong>Salon<\/strong>: przestronny, wyposa\u017cony w wygodne kanapy salon do sp\u0119dzania wolnego czasu we wp\u00f3lnym gronie. <\/li><li><strong>Pokoj<\/strong> <strong>relaksu<\/strong><\/li><li><strong>Si\u0142ownia<\/strong> <\/li><li><strong>Taras z grilem<\/strong>                                                                                          <\/li><\/ul>\n\n\n\n<p><\/p>\n<\/div>\n\n\n\n<div class=\"wp-block-column is-layout-flow wp-block-column-is-layout-flow\">\n<h3 class=\"wp-block-heading\">Dom Brzozowy<\/h3>\n\n\n\n<p>Dom Brzozowy pomie\u015bci 4 osoby. Znajduj\u0105 si\u0119 tutaj:<\/p>\n\n\n\n<ul class=\"wp-block-list\"><li><strong>Kuchnia:<\/strong> w pe\u0142ni wyposa\u017cona kuchnia<\/li><li><strong>\u0141azienka:<\/strong> \u0142azienka z toalet\u0105<\/li><li><strong>Sypialnie:<\/strong> Dwie, dwuosobowe sypialnie <\/li><li><strong>Salon<\/strong>: cz\u0119\u015b\u0107 wypoczynkowa i telewizyjna<\/li><li><strong>Jadalnia<\/strong><\/li><li><strong>Taras z grilem<\/strong>                                                                                          <\/li><\/ul>\n<\/div>\n<\/div>\n<\/div><\/div>\n","protected":false},"excerpt":{"rendered":"<p>chcesz odpocz\u0105\u0107 od miejskiego zgie\u0142ku? Zapraszamy do obejrzenia galerii zdj\u0119\u0107 naszych dom\u00f3w jak r\u00f3wnie\u017c innych atrakcji w naszej odpoczywajce Domek pod brzozami Zobacz galeri\u0119 zdj\u0119\u0107 z domku brzozowego Dom modrzewiowy Zobacz galeri\u0119 zdj\u0119\u0107 z domku modrzewiowego Sauna i bania Dowiedz si\u0119 wi\u0119cej o naszej saunie i bani Piec do pizzy i nie tylko Dost\u0119pny dla [&hellip;]<\/p>\n","protected":false},"author":2,"featured_media":0,"parent":0,"menu_order":0,"comment_status":"closed","ping_status":"closed","template":"","meta":{"_monsterinsights_skip_tracking":false,"_monsterinsights_sitenote_active":false,"_monsterinsights_sitenote_note":"","_monsterinsights_sitenote_category":0,"site-sidebar-layout":"no-sidebar","site-content-layout":"plain-container","ast-site-content-layout":"default","site-content-style":"default","site-sidebar-style":"default","ast-global-header-display":"","ast-banner-title-visibility":"","ast-main-header-display":"","ast-hfb-above-header-display":"","ast-hfb-below-header-display":"","ast-hfb-mobile-header-display":"","site-post-title":"disabled","ast-breadcrumbs-content":"","ast-featured-img":"","footer-sml-layout":"","ast-disable-related-posts":"","theme-transparent-header-meta":"enabled","adv-header-id-meta":"","stick-header-meta":"","header-above-stick-meta":"","header-main-stick-meta":"","header-below-stick-meta":"","astra-migrate-meta-layouts":"default","ast-page-background-enabled":"default","ast-page-background-meta":{"desktop":{"background-color":"var(--ast-global-color-4)","background-image":"","background-repeat":"repeat","background-position":"center center","background-size":"auto","background-attachment":"scroll","background-type":"","background-media":"","overlay-type":"","overlay-color":"","overlay-opacity":"","overlay-gradient":""},"tablet":{"background-color":"","background-image":"","background-repeat":"repeat","background-position":"center center","background-size":"auto","background-attachment":"scroll","background-type":"","background-media":"","overlay-type":"","overlay-color":"","overlay-opacity":"","overlay-gradient":""},"mobile":{"background-color":"","background-image":"","background-repeat":"repeat","background-position":"center center","background-size":"auto","background-attachment":"scroll","background-type":"","background-media":"","overlay-type":"","overlay-color":"","overlay-opacity":"","overlay-gradient":""}},"ast-content-background-meta":{"desktop":{"background-color":"var(--ast-global-color-5)","background-image":"","background-repeat":"repeat","background-position":"center center","background-size":"auto","background-attachment":"scroll","background-type":"","background-media":"","overlay-type":"","overlay-color":"","overlay-opacity":"","overlay-gradient":""},"tablet":{"background-color":"var(--ast-global-color-5)","background-image":"","background-repeat":"repeat","background-position":"center center","background-size":"auto","background-attachment":"scroll","background-type":"","background-media":"","overlay-type":"","overlay-color":"","overlay-opacity":"","overlay-gradient":""},"mobile":{"background-color":"var(--ast-global-color-5)","background-image":"","background-repeat":"repeat","background-position":"center center","background-size":"auto","background-attachment":"scroll","background-type":"","background-media":"","overlay-type":"","overlay-color":"","overlay-opacity":"","overlay-gradient":""}},"footnotes":""},"class_list":["post-131","page","type-page","status-publish","hentry"],"yoast_head":"<!-- This site is optimized with the Yoast SEO plugin v27.4 - https:\/\/yoast.com\/product\/yoast-seo-wordpress\/ -->\n<title>Nasza oferta | Borucino36<\/title>\n<meta name=\"robots\" content=\"index, follow, max-snippet:-1, max-image-preview:large, max-video-preview:-1\" \/>\n<link rel=\"canonical\" href=\"https:\/\/borucino36.pl\/?page_id=131\" \/>\n<meta property=\"og:locale\" content=\"pl_PL\" \/>\n<meta property=\"og:type\" content=\"article\" \/>\n<meta property=\"og:title\" content=\"Nasza oferta | Borucino36\" \/>\n<meta property=\"og:description\" content=\"chcesz odpocz\u0105\u0107 od miejskiego zgie\u0142ku? Zapraszamy do obejrzenia galerii zdj\u0119\u0107 naszych dom\u00f3w jak r\u00f3wnie\u017c innych atrakcji w naszej odpoczywajce Domek pod brzozami Zobacz galeri\u0119 zdj\u0119\u0107 z domku brzozowego Dom modrzewiowy Zobacz galeri\u0119 zdj\u0119\u0107 z domku modrzewiowego Sauna i bania Dowiedz si\u0119 wi\u0119cej o naszej saunie i bani Piec do pizzy i nie tylko Dost\u0119pny dla [&hellip;]\" \/>\n<meta property=\"og:url\" content=\"https:\/\/borucino36.pl\/?page_id=131\" \/>\n<meta property=\"og:site_name\" content=\"Borucino36\" \/>\n<meta property=\"article:modified_time\" content=\"2020-12-15T07:22:39+00:00\" \/>\n<meta property=\"og:image\" content=\"https:\/\/borucino36.pl\/wp-content\/uploads\/2020\/11\/IMG1088-s-1024x682.jpg\" \/>\n<meta name=\"twitter:card\" content=\"summary_large_image\" \/>\n<meta name=\"twitter:label1\" content=\"Szacowany czas czytania\" \/>\n\t<meta name=\"twitter:data1\" content=\"1 minuta\" \/>\n<script type=\"application\/ld+json\" class=\"yoast-schema-graph\">{\"@context\":\"https:\\\/\\\/schema.org\",\"@graph\":[{\"@type\":\"WebPage\",\"@id\":\"https:\\\/\\\/borucino36.pl\\\/?page_id=131\",\"url\":\"https:\\\/\\\/borucino36.pl\\\/?page_id=131\",\"name\":\"Nasza oferta | Borucino36\",\"isPartOf\":{\"@id\":\"https:\\\/\\\/borucino36.pl\\\/#website\"},\"primaryImageOfPage\":{\"@id\":\"https:\\\/\\\/borucino36.pl\\\/?page_id=131#primaryimage\"},\"image\":{\"@id\":\"https:\\\/\\\/borucino36.pl\\\/?page_id=131#primaryimage\"},\"thumbnailUrl\":\"https:\\\/\\\/borucino36.pl\\\/wp-content\\\/uploads\\\/2020\\\/11\\\/IMG1088-s-1024x682.jpg\",\"datePublished\":\"2020-09-15T06:48:51+00:00\",\"dateModified\":\"2020-12-15T07:22:39+00:00\",\"breadcrumb\":{\"@id\":\"https:\\\/\\\/borucino36.pl\\\/?page_id=131#breadcrumb\"},\"inLanguage\":\"pl-PL\",\"potentialAction\":[{\"@type\":\"ReadAction\",\"target\":[\"https:\\\/\\\/borucino36.pl\\\/?page_id=131\"]}]},{\"@type\":\"ImageObject\",\"inLanguage\":\"pl-PL\",\"@id\":\"https:\\\/\\\/borucino36.pl\\\/?page_id=131#primaryimage\",\"url\":\"https:\\\/\\\/borucino36.pl\\\/wp-content\\\/uploads\\\/2020\\\/11\\\/IMG1088-s.jpg\",\"contentUrl\":\"https:\\\/\\\/borucino36.pl\\\/wp-content\\\/uploads\\\/2020\\\/11\\\/IMG1088-s.jpg\",\"width\":2000,\"height\":1333},{\"@type\":\"BreadcrumbList\",\"@id\":\"https:\\\/\\\/borucino36.pl\\\/?page_id=131#breadcrumb\",\"itemListElement\":[{\"@type\":\"ListItem\",\"position\":1,\"name\":\"Strona g\u0142\u00f3wna\",\"item\":\"https:\\\/\\\/borucino36.pl\\\/\"},{\"@type\":\"ListItem\",\"position\":2,\"name\":\"Nasza oferta\"}]},{\"@type\":\"WebSite\",\"@id\":\"https:\\\/\\\/borucino36.pl\\\/#website\",\"url\":\"https:\\\/\\\/borucino36.pl\\\/\",\"name\":\"Borucino36\",\"description\":\"Odpoczywajka na Kaszubach\",\"publisher\":{\"@id\":\"https:\\\/\\\/borucino36.pl\\\/#\\\/schema\\\/person\\\/311f3d2c8f775d719776f06def68ac57\"},\"potentialAction\":[{\"@type\":\"SearchAction\",\"target\":{\"@type\":\"EntryPoint\",\"urlTemplate\":\"https:\\\/\\\/borucino36.pl\\\/?s={search_term_string}\"},\"query-input\":{\"@type\":\"PropertyValueSpecification\",\"valueRequired\":true,\"valueName\":\"search_term_string\"}}],\"inLanguage\":\"pl-PL\"},{\"@type\":[\"Person\",\"Organization\"],\"@id\":\"https:\\\/\\\/borucino36.pl\\\/#\\\/schema\\\/person\\\/311f3d2c8f775d719776f06def68ac57\",\"name\":\"Sabina Lewna\",\"image\":{\"@type\":\"ImageObject\",\"inLanguage\":\"pl-PL\",\"@id\":\"https:\\\/\\\/secure.gravatar.com\\\/avatar\\\/b7190c903eb013c21711a00c43c6033779e1b6f39c69a547de5694c5f2f63733?s=96&d=mm&r=g\",\"url\":\"https:\\\/\\\/secure.gravatar.com\\\/avatar\\\/b7190c903eb013c21711a00c43c6033779e1b6f39c69a547de5694c5f2f63733?s=96&d=mm&r=g\",\"contentUrl\":\"https:\\\/\\\/secure.gravatar.com\\\/avatar\\\/b7190c903eb013c21711a00c43c6033779e1b6f39c69a547de5694c5f2f63733?s=96&d=mm&r=g\",\"caption\":\"Sabina Lewna\"},\"logo\":{\"@id\":\"https:\\\/\\\/secure.gravatar.com\\\/avatar\\\/b7190c903eb013c21711a00c43c6033779e1b6f39c69a547de5694c5f2f63733?s=96&d=mm&r=g\"},\"sameAs\":[\"http:\\\/\\\/www.borucino36.pl\"]}]}<\/script>\n<!-- \/ Yoast SEO plugin. -->","yoast_head_json":{"title":"Nasza oferta | Borucino36","robots":{"index":"index","follow":"follow","max-snippet":"max-snippet:-1","max-image-preview":"max-image-preview:large","max-video-preview":"max-video-preview:-1"},"canonical":"https:\/\/borucino36.pl\/?page_id=131","og_locale":"pl_PL","og_type":"article","og_title":"Nasza oferta | Borucino36","og_description":"chcesz odpocz\u0105\u0107 od miejskiego zgie\u0142ku? Zapraszamy do obejrzenia galerii zdj\u0119\u0107 naszych dom\u00f3w jak r\u00f3wnie\u017c innych atrakcji w naszej odpoczywajce Domek pod brzozami Zobacz galeri\u0119 zdj\u0119\u0107 z domku brzozowego Dom modrzewiowy Zobacz galeri\u0119 zdj\u0119\u0107 z domku modrzewiowego Sauna i bania Dowiedz si\u0119 wi\u0119cej o naszej saunie i bani Piec do pizzy i nie tylko Dost\u0119pny dla [&hellip;]","og_url":"https:\/\/borucino36.pl\/?page_id=131","og_site_name":"Borucino36","article_modified_time":"2020-12-15T07:22:39+00:00","og_image":[{"url":"https:\/\/borucino36.pl\/wp-content\/uploads\/2020\/11\/IMG1088-s-1024x682.jpg","type":"","width":"","height":""}],"twitter_card":"summary_large_image","twitter_misc":{"Szacowany czas czytania":"1 minuta"},"schema":{"@context":"https:\/\/schema.org","@graph":[{"@type":"WebPage","@id":"https:\/\/borucino36.pl\/?page_id=131","url":"https:\/\/borucino36.pl\/?page_id=131","name":"Nasza oferta | Borucino36","isPartOf":{"@id":"https:\/\/borucino36.pl\/#website"},"primaryImageOfPage":{"@id":"https:\/\/borucino36.pl\/?page_id=131#primaryimage"},"image":{"@id":"https:\/\/borucino36.pl\/?page_id=131#primaryimage"},"thumbnailUrl":"https:\/\/borucino36.pl\/wp-content\/uploads\/2020\/11\/IMG1088-s-1024x682.jpg","datePublished":"2020-09-15T06:48:51+00:00","dateModified":"2020-12-15T07:22:39+00:00","breadcrumb":{"@id":"https:\/\/borucino36.pl\/?page_id=131#breadcrumb"},"inLanguage":"pl-PL","potentialAction":[{"@type":"ReadAction","target":["https:\/\/borucino36.pl\/?page_id=131"]}]},{"@type":"ImageObject","inLanguage":"pl-PL","@id":"https:\/\/borucino36.pl\/?page_id=131#primaryimage","url":"https:\/\/borucino36.pl\/wp-content\/uploads\/2020\/11\/IMG1088-s.jpg","contentUrl":"https:\/\/borucino36.pl\/wp-content\/uploads\/2020\/11\/IMG1088-s.jpg","width":2000,"height":1333},{"@type":"BreadcrumbList","@id":"https:\/\/borucino36.pl\/?page_id=131#breadcrumb","itemListElement":[{"@type":"ListItem","position":1,"name":"Strona g\u0142\u00f3wna","item":"https:\/\/borucino36.pl\/"},{"@type":"ListItem","position":2,"name":"Nasza oferta"}]},{"@type":"WebSite","@id":"https:\/\/borucino36.pl\/#website","url":"https:\/\/borucino36.pl\/","name":"Borucino36","description":"Odpoczywajka na Kaszubach","publisher":{"@id":"https:\/\/borucino36.pl\/#\/schema\/person\/311f3d2c8f775d719776f06def68ac57"},"potentialAction":[{"@type":"SearchAction","target":{"@type":"EntryPoint","urlTemplate":"https:\/\/borucino36.pl\/?s={search_term_string}"},"query-input":{"@type":"PropertyValueSpecification","valueRequired":true,"valueName":"search_term_string"}}],"inLanguage":"pl-PL"},{"@type":["Person","Organization"],"@id":"https:\/\/borucino36.pl\/#\/schema\/person\/311f3d2c8f775d719776f06def68ac57","name":"Sabina Lewna","image":{"@type":"ImageObject","inLanguage":"pl-PL","@id":"https:\/\/secure.gravatar.com\/avatar\/b7190c903eb013c21711a00c43c6033779e1b6f39c69a547de5694c5f2f63733?s=96&d=mm&r=g","url":"https:\/\/secure.gravatar.com\/avatar\/b7190c903eb013c21711a00c43c6033779e1b6f39c69a547de5694c5f2f63733?s=96&d=mm&r=g","contentUrl":"https:\/\/secure.gravatar.com\/avatar\/b7190c903eb013c21711a00c43c6033779e1b6f39c69a547de5694c5f2f63733?s=96&d=mm&r=g","caption":"Sabina Lewna"},"logo":{"@id":"https:\/\/secure.gravatar.com\/avatar\/b7190c903eb013c21711a00c43c6033779e1b6f39c69a547de5694c5f2f63733?s=96&d=mm&r=g"},"sameAs":["http:\/\/www.borucino36.pl"]}]}},"_links":{"self":[{"href":"https:\/\/borucino36.pl\/index.php?rest_route=\/wp\/v2\/pages\/131","targetHints":{"allow":["GET"]}}],"collection":[{"href":"https:\/\/borucino36.pl\/index.php?rest_route=\/wp\/v2\/pages"}],"about":[{"href":"https:\/\/borucino36.pl\/index.php?rest_route=\/wp\/v2\/types\/page"}],"author":[{"embeddable":true,"href":"https:\/\/borucino36.pl\/index.php?rest_route=\/wp\/v2\/users\/2"}],"replies":[{"embeddable":true,"href":"https:\/\/borucino36.pl\/index.php?rest_route=%2Fwp%2Fv2%2Fcomments&post=131"}],"version-history":[{"count":27,"href":"https:\/\/borucino36.pl\/index.php?rest_route=\/wp\/v2\/pages\/131\/revisions"}],"predecessor-version":[{"id":636,"href":"https:\/\/borucino36.pl\/index.php?rest_route=\/wp\/v2\/pages\/131\/revisions\/636"}],"wp:attachment":[{"href":"https:\/\/borucino36.pl\/index.php?rest_route=%2Fwp%2Fv2%2Fmedia&parent=131"}],"curies":[{"name":"wp","href":"https:\/\/api.w.org\/{rel}","templated":true}]}}