{"id":132,"date":"2020-09-15T06:49:03","date_gmt":"2020-09-15T06:49:03","guid":{"rendered":"https:\/\/borucino36.pl\/?page_id=132"},"modified":"2021-04-14T10:21:47","modified_gmt":"2021-04-14T08:21:47","slug":"contact","status":"publish","type":"page","link":"https:\/\/borucino36.pl\/?page_id=132","title":{"rendered":"Kontakt"},"content":{"rendered":"\n<div class=\"wp-block-cover has-background-dim-30 has-background-dim alignfull\" style=\"background-color:#040219;min-height:550px;aspect-ratio:unset;\"><img loading=\"lazy\" decoding=\"async\" width=\"2560\" height=\"1920\" class=\"wp-block-cover__image-background wp-image-164\" alt=\"\" src=\"https:\/\/borucino36.pl\/wp-content\/uploads\/2020\/11\/A8645596-72E7-4571-8F46-2B0B83C14233-scaled.jpeg\" data-object-fit=\"cover\" srcset=\"https:\/\/borucino36.pl\/wp-content\/uploads\/2020\/11\/A8645596-72E7-4571-8F46-2B0B83C14233-scaled.jpeg 2560w, https:\/\/borucino36.pl\/wp-content\/uploads\/2020\/11\/A8645596-72E7-4571-8F46-2B0B83C14233-300x225.jpeg 300w, https:\/\/borucino36.pl\/wp-content\/uploads\/2020\/11\/A8645596-72E7-4571-8F46-2B0B83C14233-1024x768.jpeg 1024w, https:\/\/borucino36.pl\/wp-content\/uploads\/2020\/11\/A8645596-72E7-4571-8F46-2B0B83C14233-768x576.jpeg 768w, https:\/\/borucino36.pl\/wp-content\/uploads\/2020\/11\/A8645596-72E7-4571-8F46-2B0B83C14233-1536x1152.jpeg 1536w, https:\/\/borucino36.pl\/wp-content\/uploads\/2020\/11\/A8645596-72E7-4571-8F46-2B0B83C14233-2048x1536.jpeg 2048w\" sizes=\"auto, (max-width: 2560px) 100vw, 2560px\" \/><div class=\"wp-block-cover__inner-container is-layout-flow wp-block-cover-is-layout-flow\">\n<h1 class=\"has-text-align-center has-white-color has-text-color wp-block-heading\">skontaktuj si\u0119 z nami<\/h1>\n<\/div><\/div>\n\n\n\n<hr class=\"wp-block-separator\"\/>\n\n\n\n<div class=\"wp-block-columns is-layout-flex wp-container-core-columns-is-layout-28f84493 wp-block-columns-is-layout-flex\">\n<div class=\"wp-block-column is-layout-flow wp-block-column-is-layout-flow\" style=\"flex-basis:50%\">\n<iframe loading=\"lazy\" src=\"https:\/\/www.google.com\/maps\/embed?pb=!1m18!1m12!1m3!1d37290.5272987557!2d17.942849076460504!3d54.256937113814274!2m3!1f0!2f0!3f0!3m2!1i1024!2i768!4f13.1!3m3!1m2!1s0x46fd8c217e8243df%3A0x163a86becd44ae9!2sBorucino%2036D%2C%2083-323%20Borucino!5e0!3m2!1spl!2spl!4v1607010250399!5m2!1spl!2spl\" width=\"600\" height=\"450\" frameborder=\"0\" style=\"border:0;\" allowfullscreen=\"\" aria-hidden=\"false\" tabindex=\"0\"><\/iframe>\n<\/div>\n\n\n\n<div class=\"wp-block-column is-layout-flow wp-block-column-is-layout-flow\">\n<div class=\"wp-block-group\"><div class=\"wp-block-group__inner-container is-layout-flow wp-block-group-is-layout-flow\">\n<h2 class=\"wp-block-heading\">informacje kontaktowe<\/h2>\n\n\n\n<p><strong>Adres<\/strong><br>Borucino 36, Polska<\/p>\n\n\n\n<p><strong>Email<\/strong><br>sabina.lewna@spoko.pl<\/p>\n\n\n\n<p><strong>Telefon<\/strong><br>Sabina &#8211; 509271589, Adam &#8211; 507052639<\/p>\n\n\n\n<ul class=\"wp-block-social-links is-layout-flex wp-block-social-links-is-layout-flex\"><li class=\"wp-social-link wp-social-link-facebook  wp-block-social-link\"><a href=\"#\" class=\"wp-block-social-link-anchor\"><svg width=\"24\" height=\"24\" viewBox=\"0 0 24 24\" version=\"1.1\" xmlns=\"http:\/\/www.w3.org\/2000\/svg\" aria-hidden=\"true\" focusable=\"false\"><path d=\"M12 2C6.5 2 2 6.5 2 12c0 5 3.7 9.1 8.4 9.9v-7H7.9V12h2.5V9.8c0-2.5 1.5-3.9 3.8-3.9 1.1 0 2.2.2 2.2.2v2.5h-1.3c-1.2 0-1.6.8-1.6 1.6V12h2.8l-.4 2.9h-2.3v7C18.3 21.1 22 17 22 12c0-5.5-4.5-10-10-10z\"><\/path><\/svg><span class=\"wp-block-social-link-label screen-reader-text\">Facebook<\/span><\/a><\/li>\n\n<li class=\"wp-social-link wp-social-link-twitter  wp-block-social-link\"><a href=\"#\" class=\"wp-block-social-link-anchor\"><svg width=\"24\" height=\"24\" viewBox=\"0 0 24 24\" version=\"1.1\" xmlns=\"http:\/\/www.w3.org\/2000\/svg\" aria-hidden=\"true\" focusable=\"false\"><path d=\"M22.23,5.924c-0.736,0.326-1.527,0.547-2.357,0.646c0.847-0.508,1.498-1.312,1.804-2.27 c-0.793,0.47-1.671,0.812-2.606,0.996C18.324,4.498,17.257,4,16.077,4c-2.266,0-4.103,1.837-4.103,4.103 c0,0.322,0.036,0.635,0.106,0.935C8.67,8.867,5.647,7.234,3.623,4.751C3.27,5.357,3.067,6.062,3.067,6.814 c0,1.424,0.724,2.679,1.825,3.415c-0.673-0.021-1.305-0.206-1.859-0.513c0,0.017,0,0.034,0,0.052c0,1.988,1.414,3.647,3.292,4.023 c-0.344,0.094-0.707,0.144-1.081,0.144c-0.264,0-0.521-0.026-0.772-0.074c0.522,1.63,2.038,2.816,3.833,2.85 c-1.404,1.1-3.174,1.756-5.096,1.756c-0.331,0-0.658-0.019-0.979-0.057c1.816,1.164,3.973,1.843,6.29,1.843 c7.547,0,11.675-6.252,11.675-11.675c0-0.178-0.004-0.355-0.012-0.531C20.985,7.47,21.68,6.747,22.23,5.924z\"><\/path><\/svg><span class=\"wp-block-social-link-label screen-reader-text\">Twitter<\/span><\/a><\/li>\n\n<li class=\"wp-social-link wp-social-link-google  wp-block-social-link\"><a href=\"#\" class=\"wp-block-social-link-anchor\"><svg width=\"24\" height=\"24\" viewBox=\"0 0 24 24\" version=\"1.1\" xmlns=\"http:\/\/www.w3.org\/2000\/svg\" aria-hidden=\"true\" focusable=\"false\"><path d=\"M12.02,10.18v3.72v0.01h5.51c-0.26,1.57-1.67,4.22-5.5,4.22c-3.31,0-6.01-2.75-6.01-6.12s2.7-6.12,6.01-6.12 c1.87,0,3.13,0.8,3.85,1.48l2.84-2.76C16.99,2.99,14.73,2,12.03,2c-5.52,0-10,4.48-10,10s4.48,10,10,10c5.77,0,9.6-4.06,9.6-9.77 c0-0.83-0.11-1.42-0.25-2.05H12.02z\"><\/path><\/svg><span class=\"wp-block-social-link-label screen-reader-text\">Google<\/span><\/a><\/li><\/ul>\n<\/div><\/div>\n<\/div>\n<\/div>\n\n\n\n<div class=\"wp-block-group alignfull\"><div class=\"wp-block-group__inner-container is-layout-flow wp-block-group-is-layout-flow\"><div class=\"wpforms-container wpforms-block\" id=\"wpforms-67\"><form id=\"wpforms-form-67\" class=\"wpforms-validate wpforms-form\" data-formid=\"67\" method=\"post\" enctype=\"multipart\/form-data\" action=\"\/index.php?rest_route=%2Fwp%2Fv2%2Fpages%2F132\" data-token=\"2f316073577bc52267b05dab9d5f766d\" data-token-time=\"1777524883\"><noscript class=\"wpforms-error-noscript\">Aby wype\u0142ni\u0107 ten formularz, w\u0142\u0105cz obs\u0142ug\u0119 JavaScript w przegl\u0105darce.<\/noscript><div class=\"wpforms-field-container\"><div id=\"wpforms-67-field_8-container\" class=\"wpforms-field wpforms-field-name\" data-field-id=\"8\"><label class=\"wpforms-field-label\">Imi\u0119 i nazwisko <span class=\"wpforms-required-label\">*<\/span><\/label><div class=\"wpforms-field-row wpforms-field-medium\"><div class=\"wpforms-field-row-block wpforms-first wpforms-one-half\"><input type=\"text\" id=\"wpforms-67-field_8\" class=\"wpforms-field-name-first wpforms-field-required\" name=\"wpforms[fields][8][first]\" required><label for=\"wpforms-67-field_8\" class=\"wpforms-field-sublabel after\">Pierwszy<\/label><\/div><div class=\"wpforms-field-row-block wpforms-one-half\"><input type=\"text\" id=\"wpforms-67-field_8-last\" class=\"wpforms-field-name-last wpforms-field-required\" name=\"wpforms[fields][8][last]\" required><label for=\"wpforms-67-field_8-last\" class=\"wpforms-field-sublabel after\">Ostatni<\/label><\/div><\/div><\/div><div id=\"wpforms-67-field_1-container\" class=\"wpforms-field wpforms-field-email\" data-field-id=\"1\"><label class=\"wpforms-field-label\" for=\"wpforms-67-field_1\">Adres email <span class=\"wpforms-required-label\">*<\/span><\/label><input type=\"email\" id=\"wpforms-67-field_1\" class=\"wpforms-field-medium wpforms-field-required\" name=\"wpforms[fields][1]\" placeholder=\"Podaj adres email\" spellcheck=\"false\" required><\/div><div id=\"wpforms-67-field_2-container\" class=\"wpforms-field wpforms-field-textarea\" data-field-id=\"2\"><label class=\"wpforms-field-label\" for=\"wpforms-67-field_2\">Wiadomo\u015b\u0107 <span class=\"wpforms-required-label\">*<\/span><\/label><textarea id=\"wpforms-67-field_2\" class=\"wpforms-field-medium wpforms-field-required\" name=\"wpforms[fields][2]\" placeholder=\"Tutaj napisz wiadomo\u015b\u0107\" required><\/textarea><\/div><div id=\"wpforms-67-field_9-container\" class=\"wpforms-field wpforms-field-text\" data-field-id=\"9\"><label class=\"wpforms-field-label\" for=\"wpforms-67-field_9\">Telefon<\/label><input type=\"text\" id=\"wpforms-67-field_9\" class=\"wpforms-field-medium wpforms-masked-input\" data-rule-inputmask-incomplete=\"1\" data-inputmask-mask=\"0048-999-999-999\" name=\"wpforms[fields][9]\" ><\/div><div id=\"wpforms-67-field_7-container\" class=\"wpforms-field wpforms-field-radio\" data-field-id=\"7\"><label class=\"wpforms-field-label\">Wyb\u00f3r terminu<\/label><ul id=\"wpforms-67-field_7\"><li class=\"choice-1 depth-1\"><input type=\"radio\" id=\"wpforms-67-field_7_1\" name=\"wpforms[fields][7]\" value=\"Termin 27.02-01.03 2026\"  ><label class=\"wpforms-field-label-inline\" for=\"wpforms-67-field_7_1\">Termin 27.02-01.03 2026<\/label><\/li><li class=\"choice-2 depth-1\"><input type=\"radio\" id=\"wpforms-67-field_7_2\" name=\"wpforms[fields][7]\" value=\"Termin 27.03-29.03 2026\"  ><label class=\"wpforms-field-label-inline\" for=\"wpforms-67-field_7_2\">Termin 27.03-29.03 2026<\/label><\/li><\/ul><\/div><\/div><!-- .wpforms-field-container --><div class=\"wpforms-field wpforms-field-hp\"><label for=\"wpforms-67-field-hp\" class=\"wpforms-field-label\">Website<\/label><input type=\"text\" name=\"wpforms[hp]\" id=\"wpforms-67-field-hp\" class=\"wpforms-field-medium\"><\/div><div class=\"wpforms-recaptcha-container wpforms-is-recaptcha wpforms-is-recaptcha-type-v2\" ><div class=\"g-recaptcha\" data-sitekey=\"6LcUHEgsAAAAAHxvtEnKGY46yilfHj9bIg-Z8YK2\"><\/div><input type=\"text\" name=\"g-recaptcha-hidden\" class=\"wpforms-recaptcha-hidden\" style=\"position:absolute!important;clip:rect(0,0,0,0)!important;height:1px!important;width:1px!important;border:0!important;overflow:hidden!important;padding:0!important;margin:0!important;\" data-rule-recaptcha=\"1\"><\/div><div class=\"wpforms-submit-container\" ><input type=\"hidden\" name=\"wpforms[id]\" value=\"67\"><input type=\"hidden\" name=\"page_title\" value=\"\"><input type=\"hidden\" name=\"page_url\" value=\"https:\/\/borucino36.pl\/index.php?rest_route=\/wp\/v2\/pages\/132\"><input type=\"hidden\" name=\"url_referer\" value=\"\"><button type=\"submit\" name=\"wpforms[submit]\" id=\"wpforms-submit-67\" class=\"wpforms-submit\" data-alt-text=\"Wysy\u0142am...\" data-submit-text=\"Wy\u015blij zapytanie\" aria-live=\"assertive\" value=\"wpforms-submit\">Wy\u015blij zapytanie<\/button><\/div><\/form><\/div>  <!-- .wpforms-container -->\n\n\n<div class=\"wp-block-columns are-vertically-aligned-center is-layout-flex wp-container-core-columns-is-layout-28f84493 wp-block-columns-is-layout-flex\">\n<div class=\"wp-block-column is-vertically-aligned-center is-layout-flow wp-block-column-is-layout-flow\"><\/div>\n<\/div>\n<\/div><\/div>\n\n\n\n<div class=\"wp-block-columns is-layout-flex wp-container-core-columns-is-layout-28f84493 wp-block-columns-is-layout-flex\">\n<div class=\"wp-block-column is-layout-flow wp-block-column-is-layout-flow\" style=\"flex-basis:100%\"><\/div>\n\n\n\n<div class=\"wp-block-column is-layout-flow wp-block-column-is-layout-flow\"><\/div>\n<\/div>\n","protected":false},"excerpt":{"rendered":"<p>informacje kontaktowe AdresBorucino 36, Polska Emailsabina.lewna@spoko.pl TelefonSabina &#8211; 509271589, Adam &#8211; 507052639<\/p>\n","protected":false},"author":2,"featured_media":0,"parent":0,"menu_order":0,"comment_status":"closed","ping_status":"closed","template":"","meta":{"_monsterinsights_skip_tracking":false,"_monsterinsights_sitenote_active":false,"_monsterinsights_sitenote_note":"","_monsterinsights_sitenote_category":0,"site-sidebar-layout":"no-sidebar","site-content-layout":"plain-container","ast-site-content-layout":"default","site-content-style":"default","site-sidebar-style":"default","ast-global-header-display":"","ast-banner-title-visibility":"","ast-main-header-display":"","ast-hfb-above-header-display":"","ast-hfb-below-header-display":"","ast-hfb-mobile-header-display":"","site-post-title":"disabled","ast-breadcrumbs-content":"","ast-featured-img":"","footer-sml-layout":"","ast-disable-related-posts":"","theme-transparent-header-meta":"enabled","adv-header-id-meta":"","stick-header-meta":"","header-above-stick-meta":"","header-main-stick-meta":"","header-below-stick-meta":"","astra-migrate-meta-layouts":"default","ast-page-background-enabled":"default","ast-page-background-meta":{"desktop":{"background-color":"var(--ast-global-color-4)","background-image":"","background-repeat":"repeat","background-position":"center center","background-size":"auto","background-attachment":"scroll","background-type":"","background-media":"","overlay-type":"","overlay-color":"","overlay-opacity":"","overlay-gradient":""},"tablet":{"background-color":"","background-image":"","background-repeat":"repeat","background-position":"center center","background-size":"auto","background-attachment":"scroll","background-type":"","background-media":"","overlay-type":"","overlay-color":"","overlay-opacity":"","overlay-gradient":""},"mobile":{"background-color":"","background-image":"","background-repeat":"repeat","background-position":"center center","background-size":"auto","background-attachment":"scroll","background-type":"","background-media":"","overlay-type":"","overlay-color":"","overlay-opacity":"","overlay-gradient":""}},"ast-content-background-meta":{"desktop":{"background-color":"var(--ast-global-color-5)","background-image":"","background-repeat":"repeat","background-position":"center center","background-size":"auto","background-attachment":"scroll","background-type":"","background-media":"","overlay-type":"","overlay-color":"","overlay-opacity":"","overlay-gradient":""},"tablet":{"background-color":"var(--ast-global-color-5)","background-image":"","background-repeat":"repeat","background-position":"center center","background-size":"auto","background-attachment":"scroll","background-type":"","background-media":"","overlay-type":"","overlay-color":"","overlay-opacity":"","overlay-gradient":""},"mobile":{"background-color":"var(--ast-global-color-5)","background-image":"","background-repeat":"repeat","background-position":"center center","background-size":"auto","background-attachment":"scroll","background-type":"","background-media":"","overlay-type":"","overlay-color":"","overlay-opacity":"","overlay-gradient":""}},"footnotes":""},"class_list":["post-132","page","type-page","status-publish","hentry"],"yoast_head":"<!-- This site is optimized with the Yoast SEO plugin v27.4 - https:\/\/yoast.com\/product\/yoast-seo-wordpress\/ -->\n<title>Kontakt | Borucino36<\/title>\n<meta name=\"robots\" content=\"index, follow, max-snippet:-1, max-image-preview:large, max-video-preview:-1\" \/>\n<link rel=\"canonical\" href=\"https:\/\/borucino36.pl\/?page_id=132\" \/>\n<meta property=\"og:locale\" content=\"pl_PL\" \/>\n<meta property=\"og:type\" content=\"article\" \/>\n<meta property=\"og:title\" content=\"Kontakt | Borucino36\" \/>\n<meta property=\"og:description\" content=\"informacje kontaktowe AdresBorucino 36, Polska Emailsabina.lewna@spoko.pl TelefonSabina &#8211; 509271589, Adam &#8211; 507052639\" \/>\n<meta property=\"og:url\" content=\"https:\/\/borucino36.pl\/?page_id=132\" \/>\n<meta property=\"og:site_name\" content=\"Borucino36\" \/>\n<meta property=\"article:modified_time\" content=\"2021-04-14T08:21:47+00:00\" \/>\n<meta property=\"og:image\" content=\"https:\/\/borucino36.pl\/wp-content\/uploads\/2020\/11\/A8645596-72E7-4571-8F46-2B0B83C14233-scaled.jpeg\" \/>\n<meta name=\"twitter:card\" content=\"summary_large_image\" \/>\n<meta name=\"twitter:label1\" content=\"Szacowany czas czytania\" \/>\n\t<meta name=\"twitter:data1\" content=\"1 minuta\" \/>\n<script type=\"application\/ld+json\" class=\"yoast-schema-graph\">{\"@context\":\"https:\\\/\\\/schema.org\",\"@graph\":[{\"@type\":\"WebPage\",\"@id\":\"https:\\\/\\\/borucino36.pl\\\/?page_id=132\",\"url\":\"https:\\\/\\\/borucino36.pl\\\/?page_id=132\",\"name\":\"Kontakt | Borucino36\",\"isPartOf\":{\"@id\":\"https:\\\/\\\/borucino36.pl\\\/#website\"},\"primaryImageOfPage\":{\"@id\":\"https:\\\/\\\/borucino36.pl\\\/?page_id=132#primaryimage\"},\"image\":{\"@id\":\"https:\\\/\\\/borucino36.pl\\\/?page_id=132#primaryimage\"},\"thumbnailUrl\":\"https:\\\/\\\/borucino36.pl\\\/wp-content\\\/uploads\\\/2020\\\/11\\\/A8645596-72E7-4571-8F46-2B0B83C14233-scaled.jpeg\",\"datePublished\":\"2020-09-15T06:49:03+00:00\",\"dateModified\":\"2021-04-14T08:21:47+00:00\",\"breadcrumb\":{\"@id\":\"https:\\\/\\\/borucino36.pl\\\/?page_id=132#breadcrumb\"},\"inLanguage\":\"pl-PL\",\"potentialAction\":[{\"@type\":\"ReadAction\",\"target\":[\"https:\\\/\\\/borucino36.pl\\\/?page_id=132\"]}]},{\"@type\":\"ImageObject\",\"inLanguage\":\"pl-PL\",\"@id\":\"https:\\\/\\\/borucino36.pl\\\/?page_id=132#primaryimage\",\"url\":\"https:\\\/\\\/borucino36.pl\\\/wp-content\\\/uploads\\\/2020\\\/11\\\/A8645596-72E7-4571-8F46-2B0B83C14233-scaled.jpeg\",\"contentUrl\":\"https:\\\/\\\/borucino36.pl\\\/wp-content\\\/uploads\\\/2020\\\/11\\\/A8645596-72E7-4571-8F46-2B0B83C14233-scaled.jpeg\",\"width\":2560,\"height\":1920,\"caption\":\"DCIM\\\\101MEDIA\\\\DJI_0065.JPG\"},{\"@type\":\"BreadcrumbList\",\"@id\":\"https:\\\/\\\/borucino36.pl\\\/?page_id=132#breadcrumb\",\"itemListElement\":[{\"@type\":\"ListItem\",\"position\":1,\"name\":\"Strona g\u0142\u00f3wna\",\"item\":\"https:\\\/\\\/borucino36.pl\\\/\"},{\"@type\":\"ListItem\",\"position\":2,\"name\":\"Kontakt\"}]},{\"@type\":\"WebSite\",\"@id\":\"https:\\\/\\\/borucino36.pl\\\/#website\",\"url\":\"https:\\\/\\\/borucino36.pl\\\/\",\"name\":\"Borucino36\",\"description\":\"Odpoczywajka na Kaszubach\",\"publisher\":{\"@id\":\"https:\\\/\\\/borucino36.pl\\\/#\\\/schema\\\/person\\\/311f3d2c8f775d719776f06def68ac57\"},\"potentialAction\":[{\"@type\":\"SearchAction\",\"target\":{\"@type\":\"EntryPoint\",\"urlTemplate\":\"https:\\\/\\\/borucino36.pl\\\/?s={search_term_string}\"},\"query-input\":{\"@type\":\"PropertyValueSpecification\",\"valueRequired\":true,\"valueName\":\"search_term_string\"}}],\"inLanguage\":\"pl-PL\"},{\"@type\":[\"Person\",\"Organization\"],\"@id\":\"https:\\\/\\\/borucino36.pl\\\/#\\\/schema\\\/person\\\/311f3d2c8f775d719776f06def68ac57\",\"name\":\"Sabina Lewna\",\"image\":{\"@type\":\"ImageObject\",\"inLanguage\":\"pl-PL\",\"@id\":\"https:\\\/\\\/secure.gravatar.com\\\/avatar\\\/b7190c903eb013c21711a00c43c6033779e1b6f39c69a547de5694c5f2f63733?s=96&d=mm&r=g\",\"url\":\"https:\\\/\\\/secure.gravatar.com\\\/avatar\\\/b7190c903eb013c21711a00c43c6033779e1b6f39c69a547de5694c5f2f63733?s=96&d=mm&r=g\",\"contentUrl\":\"https:\\\/\\\/secure.gravatar.com\\\/avatar\\\/b7190c903eb013c21711a00c43c6033779e1b6f39c69a547de5694c5f2f63733?s=96&d=mm&r=g\",\"caption\":\"Sabina Lewna\"},\"logo\":{\"@id\":\"https:\\\/\\\/secure.gravatar.com\\\/avatar\\\/b7190c903eb013c21711a00c43c6033779e1b6f39c69a547de5694c5f2f63733?s=96&d=mm&r=g\"},\"sameAs\":[\"http:\\\/\\\/www.borucino36.pl\"]}]}<\/script>\n<!-- \/ Yoast SEO plugin. -->","yoast_head_json":{"title":"Kontakt | Borucino36","robots":{"index":"index","follow":"follow","max-snippet":"max-snippet:-1","max-image-preview":"max-image-preview:large","max-video-preview":"max-video-preview:-1"},"canonical":"https:\/\/borucino36.pl\/?page_id=132","og_locale":"pl_PL","og_type":"article","og_title":"Kontakt | Borucino36","og_description":"informacje kontaktowe AdresBorucino 36, Polska Emailsabina.lewna@spoko.pl TelefonSabina &#8211; 509271589, Adam &#8211; 507052639","og_url":"https:\/\/borucino36.pl\/?page_id=132","og_site_name":"Borucino36","article_modified_time":"2021-04-14T08:21:47+00:00","og_image":[{"url":"https:\/\/borucino36.pl\/wp-content\/uploads\/2020\/11\/A8645596-72E7-4571-8F46-2B0B83C14233-scaled.jpeg","type":"","width":"","height":""}],"twitter_card":"summary_large_image","twitter_misc":{"Szacowany czas czytania":"1 minuta"},"schema":{"@context":"https:\/\/schema.org","@graph":[{"@type":"WebPage","@id":"https:\/\/borucino36.pl\/?page_id=132","url":"https:\/\/borucino36.pl\/?page_id=132","name":"Kontakt | Borucino36","isPartOf":{"@id":"https:\/\/borucino36.pl\/#website"},"primaryImageOfPage":{"@id":"https:\/\/borucino36.pl\/?page_id=132#primaryimage"},"image":{"@id":"https:\/\/borucino36.pl\/?page_id=132#primaryimage"},"thumbnailUrl":"https:\/\/borucino36.pl\/wp-content\/uploads\/2020\/11\/A8645596-72E7-4571-8F46-2B0B83C14233-scaled.jpeg","datePublished":"2020-09-15T06:49:03+00:00","dateModified":"2021-04-14T08:21:47+00:00","breadcrumb":{"@id":"https:\/\/borucino36.pl\/?page_id=132#breadcrumb"},"inLanguage":"pl-PL","potentialAction":[{"@type":"ReadAction","target":["https:\/\/borucino36.pl\/?page_id=132"]}]},{"@type":"ImageObject","inLanguage":"pl-PL","@id":"https:\/\/borucino36.pl\/?page_id=132#primaryimage","url":"https:\/\/borucino36.pl\/wp-content\/uploads\/2020\/11\/A8645596-72E7-4571-8F46-2B0B83C14233-scaled.jpeg","contentUrl":"https:\/\/borucino36.pl\/wp-content\/uploads\/2020\/11\/A8645596-72E7-4571-8F46-2B0B83C14233-scaled.jpeg","width":2560,"height":1920,"caption":"DCIM\\101MEDIA\\DJI_0065.JPG"},{"@type":"BreadcrumbList","@id":"https:\/\/borucino36.pl\/?page_id=132#breadcrumb","itemListElement":[{"@type":"ListItem","position":1,"name":"Strona g\u0142\u00f3wna","item":"https:\/\/borucino36.pl\/"},{"@type":"ListItem","position":2,"name":"Kontakt"}]},{"@type":"WebSite","@id":"https:\/\/borucino36.pl\/#website","url":"https:\/\/borucino36.pl\/","name":"Borucino36","description":"Odpoczywajka na Kaszubach","publisher":{"@id":"https:\/\/borucino36.pl\/#\/schema\/person\/311f3d2c8f775d719776f06def68ac57"},"potentialAction":[{"@type":"SearchAction","target":{"@type":"EntryPoint","urlTemplate":"https:\/\/borucino36.pl\/?s={search_term_string}"},"query-input":{"@type":"PropertyValueSpecification","valueRequired":true,"valueName":"search_term_string"}}],"inLanguage":"pl-PL"},{"@type":["Person","Organization"],"@id":"https:\/\/borucino36.pl\/#\/schema\/person\/311f3d2c8f775d719776f06def68ac57","name":"Sabina Lewna","image":{"@type":"ImageObject","inLanguage":"pl-PL","@id":"https:\/\/secure.gravatar.com\/avatar\/b7190c903eb013c21711a00c43c6033779e1b6f39c69a547de5694c5f2f63733?s=96&d=mm&r=g","url":"https:\/\/secure.gravatar.com\/avatar\/b7190c903eb013c21711a00c43c6033779e1b6f39c69a547de5694c5f2f63733?s=96&d=mm&r=g","contentUrl":"https:\/\/secure.gravatar.com\/avatar\/b7190c903eb013c21711a00c43c6033779e1b6f39c69a547de5694c5f2f63733?s=96&d=mm&r=g","caption":"Sabina Lewna"},"logo":{"@id":"https:\/\/secure.gravatar.com\/avatar\/b7190c903eb013c21711a00c43c6033779e1b6f39c69a547de5694c5f2f63733?s=96&d=mm&r=g"},"sameAs":["http:\/\/www.borucino36.pl"]}]}},"_links":{"self":[{"href":"https:\/\/borucino36.pl\/index.php?rest_route=\/wp\/v2\/pages\/132","targetHints":{"allow":["GET"]}}],"collection":[{"href":"https:\/\/borucino36.pl\/index.php?rest_route=\/wp\/v2\/pages"}],"about":[{"href":"https:\/\/borucino36.pl\/index.php?rest_route=\/wp\/v2\/types\/page"}],"author":[{"embeddable":true,"href":"https:\/\/borucino36.pl\/index.php?rest_route=\/wp\/v2\/users\/2"}],"replies":[{"embeddable":true,"href":"https:\/\/borucino36.pl\/index.php?rest_route=%2Fwp%2Fv2%2Fcomments&post=132"}],"version-history":[{"count":14,"href":"https:\/\/borucino36.pl\/index.php?rest_route=\/wp\/v2\/pages\/132\/revisions"}],"predecessor-version":[{"id":592,"href":"https:\/\/borucino36.pl\/index.php?rest_route=\/wp\/v2\/pages\/132\/revisions\/592"}],"wp:attachment":[{"href":"https:\/\/borucino36.pl\/index.php?rest_route=%2Fwp%2Fv2%2Fmedia&parent=132"}],"curies":[{"name":"wp","href":"https:\/\/api.w.org\/{rel}","templated":true}]}}