{"id":328,"date":"2020-12-02T10:23:46","date_gmt":"2020-12-02T09:23:46","guid":{"rendered":"https:\/\/borucino36.pl\/?page_id=328"},"modified":"2020-12-04T12:07:38","modified_gmt":"2020-12-04T11:07:38","slug":"kalendarz","status":"publish","type":"page","link":"https:\/\/borucino36.pl\/?page_id=328","title":{"rendered":"Kalendarz"},"content":{"rendered":"\n<div class=\"wp-block-cover alignfull has-background-dim\" style=\"background-image:url(https:\/\/borucino36.pl\/wp-content\/uploads\/2020\/11\/IMG1026-s.jpg);background-color:#040219;min-height:550px;background-position:45% 60%;aspect-ratio:unset;\"><div class=\"wp-block-cover__inner-container is-layout-flow wp-block-cover-is-layout-flow\">\n<h1 class=\"has-text-align-center has-white-color has-text-color wp-block-heading\">kalendarz rezerwacji<\/h1>\n<\/div><\/div>\n\n\n\n<div style=\"height:57px\" aria-hidden=\"true\" class=\"wp-block-spacer\"><\/div>\n\n\n\n<p>Kalendarz poni\u017cej, przedstawia stan rezerwacji na dany miesi\u0105c. Kolor br\u0105zowy, pokazuje dni zarezerwowane. Kolor \u017c\u00f3\u0142ty, pokazuje dni kt\u00f3re kto\u015b ju\u017c zg\u0142osi\u0142 do rezerwacji ale nie s\u0105 jeszcze zatwierdzone. Kolor szary reprezentuje dni, kt\u00f3re s\u0105 aktualnie dost\u0119pne. Aby poprosi\u0107 o rezerwacj\u0119, nale\u017cy wype\u0142ni\u0107 formularz znajduj\u0105cy si\u0119 po prawej stronie kalendarza i poda\u0107 w nim swoje wymagane dane jak r\u00f3wnie\u017c dom kt\u00f3rego dotyczy rezerwacja. W polu 'szczeg\u00f3\u0142y&#8217; nale\u017cy poda\u0107 wszystkie dodatkowe informacje lub zapytania. Po naci\u015bni\u0119ciu przycisku wy\u015blij, na podany email dostaniecie pa\u0144stwo potwierdzenie zg\u0142oszenia rezerwacji a po zatwierdzeniu rezerwacji, drugi email z potwierdzeniem.<\/p>\n\n\n\n<div class=\"wp-block-booking-booking\"> <div id=\"form_id1395357103805\" class=\"wpbc_container wpbc_form wpbc_container_booking_form \" ><form id=\"booking_form1\" class=\"booking_form vertical\" method=\"post\" action=\"\"><div id=\"ajax_respond_insert1\" class=\"ajax_respond_insert\" style=\"display:none;\"><\/div><a name=\"bklnk1\" id=\"bklnk1\"><\/a><div id=\"booking_form_div1\" class=\"booking_form_div\"><style type=\"text\/css\">.wpbc_container_booking_form .block_hints, .wpbc_booking_form_simple.wpbc_form_center .wpbc__form__div .wpbc__row.wpbc_r_calendar, .wpbc_booking_form_simple .wpbc__form__div .wpbc__row:not(.wpbc_r_calendar){max-width:440px;} <\/style>\n<div class=\"wpbc_booking_form_simple \">\n<div class=\"wpbc__row\">\n  <div class=\"wpbc__field\">\n    <div class=\"wpbc_calendar_wraper wpbc_change_over_triangle wpbc_calendar_skin_legacy\"><style type=\"text\/css\" rel=\"stylesheet\" >.hasDatepick .datepick-inline .datepick-title-row th,.hasDatepick .datepick-inline .datepick-days-cell,.hasDatepick .datepick-inline .wpbc-cell-box{ max-height: 60px; }<\/style><div class=\"wpbc_cal_container bk_calendar_frame months_num_in_row_1 cal_month_num_1 wpbc_timeslot_day_bg_as_available\" style=\"width:100%;max-width:600px;\"><div id=\"calendar_booking1\"  class=\"wpbc_calendar_id_1\" >\t<div class=\"calendar_loader_frame calendar_loader_frame1\"\r\n\t\tdata-wpbc-rid=\"1\"\r\n\t\tdata-wpbc-grace=\"8000\"\r\n\t\tstyle=\"--wpbc-loader-cols: 1;\"\r\n\t>\r\n\t\t<div class=\"calendar_loader_text\">Wczytywanie...<\/div>\r\n\t\t<div class=\"calendar_loader_frame__progress_line_container\">\r\n\t\t\t<div class=\"calendar_loader_frame__progress_line\"><\/div>\r\n\t\t<\/div>\r\n\t<\/div>\r\n\t<\/div><\/div><textarea id=\"date_booking1\" name=\"date_booking1\" autocomplete=\"off\" style=\"display:none;\"><\/textarea><div class=\"block_hints datepick \"><div class=\"wpdev_hint_with_text\"><div class=\"\"><div class=\"datepick-inline wpbc_calendar_legend_table_width_height\"><table class=\"datepick wpbc_calendar\" style=\"\"><tbody><tr><td class=\"datepick-days-cell date_available wpbc_calendar_legend_day_cell_height\"><div class=\"wpbc-cell-box\">\t<div class=\"date-cell-content\">\t\t<div class=\"date-content-top\"><\/div>\t\t<a>30<\/a>\t\t<div class=\"date-content-bottom\"><\/div>\t<\/div><\/div><\/td><\/tr><\/tbody><\/table><\/div><\/div><div class=\"block_text\">- <\/div><div class=\"block_text\">Dost\u0119pne<\/div><\/div><div class=\"wpdev_hint_with_text\"><div class=\"\"><div class=\"datepick-inline wpbc_calendar_legend_table_width_height\"><table class=\"datepick wpbc_calendar\" style=\"\"><tbody><tr><td class=\"datepick-days-cell datepick-unselectable date_user_unavailable full_day_booking date_approved wpbc_calendar_legend_day_cell_height\"><div class=\"wpbc-cell-box\">\t<div class=\"date-cell-content\">\t\t<div class=\"date-content-top\"><\/div>\t\t<span>30<\/span>\t\t<div class=\"date-content-bottom\"><\/div>\t<\/div><\/div><\/td><\/tr><\/tbody><\/table><\/div><\/div><div class=\"block_text\">- <\/div><div class=\"block_text\">Wynaj\u0119te<\/div><\/div><div class=\"wpdev_hint_with_text\"><div class=\"\"><div class=\"datepick-inline wpbc_calendar_legend_table_width_height\"><table class=\"datepick wpbc_calendar\" style=\"\"><tbody><tr><td class=\"datepick-days-cell datepick-unselectable date_user_unavailable full_day_booking date2approve wpbc_calendar_legend_day_cell_height\"><div class=\"wpbc-cell-box\">\t<div class=\"date-cell-content\">\t\t<div class=\"date-content-top\"><\/div>\t\t<span>30<\/span>\t\t<div class=\"date-content-bottom\"><\/div>\t<\/div><\/div><\/td><\/tr><\/tbody><\/table><\/div><\/div><div class=\"block_text\">- <\/div><div class=\"block_text\">W oczekinwaniu<\/div><\/div><div class=\"wpdev_hint_with_text\"><div class=\"\"><span class=\" wpbc_timeslot_day_bg_as_available wpbc_change_over_triangle\"><div class=\"datepick-inline wpbc_calendar_legend_table_width_height\"><table class=\"datepick wpbc_calendar\" style=\"\"><tbody><tr><td class=\"datepick-days-cell date_available date2approve timespartly times_clock wpbc_calendar_legend_day_cell_height\"><div class=\"wpbc-cell-box\">\t<div class=\"wpbc-diagonal-el\">\t\t<div class=\"wpbc-co-out\"><svg height=\"100%\" width=\"100%\" viewBox=\"0 0 100 100\" preserveAspectRatio=\"none\"><polygon points=\"0,0 0,99 99,0\"><\/polygon><polygon points=\"0,0 0,100 49,100 49,0\"><\/polygon><\/svg><\/div>\t\t<div class=\"wpbc-co-in\"><svg height=\"100%\" width=\"100%\" viewBox=\"0 0 98 98\" preserveAspectRatio=\"none\"><polygon points=\"0,99 99,99 99,0\"><\/polygon><polygon points=\"50,98 98,98 98,0 50,0\"><\/polygon><\/svg><\/div>\t<\/div>\t<div class=\"date-cell-content\">\t\t<div class=\"date-content-top\"><div class=\"wpbc_time_dots\">\u00b7<\/div><\/div>\t\t<a>30<\/a>\t\t<div class=\"date-content-bottom\"><\/div>\t<\/div><\/div><\/td><\/tr><\/tbody><\/table><\/div><\/span><\/div><div class=\"block_text\">- <\/div><div class=\"block_text\">Cz\u0119\u015bciowo wynaj\u0119te<\/div><\/div><\/div><\/div>\n  <\/div>\n  <div class=\"wpbc__field\">\n<div class=\"wpbc__form__div\">\n\t\t\t<div class=\"wpbc__row\">\n\t\t\t\t<div class=\"wpbc_r_name wpbc__field\"> <label>Imi\u0119*<\/label><br><span class=\"wpbc_wrap_text wpdev-form-control-wrap name1\"><input type=\"text\" name=\"name1\" value=\"\" autocomplete=\"name\" class=\"wpdev-validates-as-required\" size=\"40\" \/><\/span> <\/div>\n\t\t\t<\/div>\n\t\t\t<div class=\"wpbc__row\">\n\t\t\t\t<div class=\"wpbc_r_secondname wpbc__field\"> <label>Nazwisko*<\/label><br><span class=\"wpbc_wrap_text wpdev-form-control-wrap secondname1\"><input type=\"text\" name=\"secondname1\" value=\"\" autocomplete=\"secondname\" class=\"wpdev-validates-as-required\" size=\"40\" \/><\/span> <\/div>\n\t\t\t<\/div>\n\t\t\t<div class=\"wpbc__row\">\n\t\t\t\t<div class=\"wpbc_r_email wpbc__field\"> <label>Email*<\/label><br><span class=\"wpbc_wrap_text wpdev-form-control-wrap email1\"><input type=\"email\" name=\"email1\" value=\"\" autocomplete=\"email\" class=\"wpdev-validates-as-email wpdev-validates-as-required\" size=\"40\" \/><\/span> <\/div>\n\t\t\t<\/div>\n\t\t\t<div class=\"wpbc__row\">\n\t\t\t\t<div class=\"wpbc_r_phone wpbc__field\"> <label>Telefon<\/label><br><span class=\"wpbc_wrap_text wpdev-form-control-wrap phone1\"><input type=\"text\" name=\"phone1\" value=\"\" autocomplete=\"phone\" size=\"40\" \/><\/span> <\/div>\n\t\t\t<\/div>\n\t\t\t<div class=\"wpbc__row\">\n\t\t\t\t<div class=\"wpbc_r_wybierzdomek wpbc__field\"> <label>Wybierz domek<\/label><br><span class=\"wpbc_wrap_select wpdev-form-control-wrap wybierzdomek1\"><select onchange=\"javascript:if(typeof( wpbc_show_cost_hints_after_few_seconds )=='function'){wpbc_show_cost_hints_after_few_seconds(1);}\" name=\"wybierzdomek1\" autocomplete=\"wybierzdomek\"><option value=\"Dom Brzozowy\">Dom Brzozowy<\/option><option value=\"Dom Modrzewiowy\">Dom Modrzewiowy<\/option><\/select><\/span> <\/div>\n\t\t\t<\/div>\n\t\t\t<div class=\"wpbc__row\">\n\t\t\t\t<div class=\"wpbc_r_details wpbc__field\"> <label>Szczeg\u00f3\u0142y<\/label><br><span class=\"wpbc_wrap_textarea wpdev-form-control-wrap details1\"><textarea name=\"details1\" autocomplete=\"details\"><\/textarea><\/span> <\/div>\n\t\t\t<\/div>\n\t\t\t<div class=\"wpbc__row\">\n\t\t\t\t<div class=\"wpbc_r_submit wpbc__field\"><input type=\"button\" value=\"Wy\u015blij\" class=\"wpbc_button_light  btn btn\" onclick=\"wpbc_booking_form_submit(this.form,1, 'pl_PL');\" \/> <\/div>\n\t\t\t<\/div>\n<\/div>\n\t<\/div>\n\t<\/div>\n<\/div><input id=\"bk_type1\" name=\"bk_type1\" class=\"\" type=\"hidden\" value=\"1\" \/><\/div><div id=\"submiting1\"><\/div><div class=\"form_bk_messages\" id=\"form_bk_messages1\" ><\/div><input type=\"hidden\" id=\"wpbc_nonceCALCULATE_THE_COST1\" name=\"wpbc_nonceCALCULATE_THE_COST1\" value=\"94f4bfaad3\" \/><input type=\"hidden\" name=\"_wp_http_referer\" value=\"\/index.php?rest_route=%2Fwp%2Fv2%2Fpages%2F328\" \/><\/form><\/div><div id=\"booking_form_garbage1\" class=\"booking_form_garbage\"><\/div> <\/div>\n\n\n\n<hr class=\"wp-block-separator aligncenter is-style-wide\"\/>\n","protected":false},"excerpt":{"rendered":"<p>Kalendarz poni\u017cej, przedstawia stan rezerwacji na dany miesi\u0105c. Kolor br\u0105zowy, pokazuje dni zarezerwowane. Kolor \u017c\u00f3\u0142ty, pokazuje dni kt\u00f3re kto\u015b ju\u017c zg\u0142osi\u0142 do rezerwacji ale nie s\u0105 jeszcze zatwierdzone. Kolor szary reprezentuje dni, kt\u00f3re s\u0105 aktualnie dost\u0119pne. Aby poprosi\u0107 o rezerwacj\u0119, nale\u017cy wype\u0142ni\u0107 formularz znajduj\u0105cy si\u0119 po prawej stronie kalendarza i poda\u0107 w nim swoje wymagane [&hellip;]<\/p>\n","protected":false},"author":2,"featured_media":0,"parent":0,"menu_order":0,"comment_status":"closed","ping_status":"closed","template":"","meta":{"_monsterinsights_skip_tracking":false,"_monsterinsights_sitenote_active":false,"_monsterinsights_sitenote_note":"","_monsterinsights_sitenote_category":0,"site-sidebar-layout":"no-sidebar","site-content-layout":"plain-container","ast-site-content-layout":"default","site-content-style":"default","site-sidebar-style":"default","ast-global-header-display":"","ast-banner-title-visibility":"","ast-main-header-display":"","ast-hfb-above-header-display":"","ast-hfb-below-header-display":"","ast-hfb-mobile-header-display":"","site-post-title":"disabled","ast-breadcrumbs-content":"","ast-featured-img":"","footer-sml-layout":"","ast-disable-related-posts":"","theme-transparent-header-meta":"enabled","adv-header-id-meta":"","stick-header-meta":"","header-above-stick-meta":"","header-main-stick-meta":"","header-below-stick-meta":"","astra-migrate-meta-layouts":"default","ast-page-background-enabled":"default","ast-page-background-meta":{"desktop":{"background-color":"var(--ast-global-color-4)","background-image":"","background-repeat":"repeat","background-position":"center center","background-size":"auto","background-attachment":"scroll","background-type":"","background-media":"","overlay-type":"","overlay-color":"","overlay-opacity":"","overlay-gradient":""},"tablet":{"background-color":"","background-image":"","background-repeat":"repeat","background-position":"center center","background-size":"auto","background-attachment":"scroll","background-type":"","background-media":"","overlay-type":"","overlay-color":"","overlay-opacity":"","overlay-gradient":""},"mobile":{"background-color":"","background-image":"","background-repeat":"repeat","background-position":"center center","background-size":"auto","background-attachment":"scroll","background-type":"","background-media":"","overlay-type":"","overlay-color":"","overlay-opacity":"","overlay-gradient":""}},"ast-content-background-meta":{"desktop":{"background-color":"var(--ast-global-color-5)","background-image":"","background-repeat":"repeat","background-position":"center center","background-size":"auto","background-attachment":"scroll","background-type":"","background-media":"","overlay-type":"","overlay-color":"","overlay-opacity":"","overlay-gradient":""},"tablet":{"background-color":"var(--ast-global-color-5)","background-image":"","background-repeat":"repeat","background-position":"center center","background-size":"auto","background-attachment":"scroll","background-type":"","background-media":"","overlay-type":"","overlay-color":"","overlay-opacity":"","overlay-gradient":""},"mobile":{"background-color":"var(--ast-global-color-5)","background-image":"","background-repeat":"repeat","background-position":"center center","background-size":"auto","background-attachment":"scroll","background-type":"","background-media":"","overlay-type":"","overlay-color":"","overlay-opacity":"","overlay-gradient":""}},"footnotes":""},"class_list":["post-328","page","type-page","status-publish","hentry"],"yoast_head":"<!-- This site is optimized with the Yoast SEO plugin v27.4 - https:\/\/yoast.com\/product\/yoast-seo-wordpress\/ -->\n<title>Kalendarz | Borucino36<\/title>\n<meta name=\"robots\" content=\"index, follow, max-snippet:-1, max-image-preview:large, max-video-preview:-1\" \/>\n<link rel=\"canonical\" href=\"https:\/\/borucino36.pl\/?page_id=328\" \/>\n<meta property=\"og:locale\" content=\"pl_PL\" \/>\n<meta property=\"og:type\" content=\"article\" \/>\n<meta property=\"og:title\" content=\"Kalendarz | Borucino36\" \/>\n<meta property=\"og:description\" content=\"Kalendarz poni\u017cej, przedstawia stan rezerwacji na dany miesi\u0105c. Kolor br\u0105zowy, pokazuje dni zarezerwowane. Kolor \u017c\u00f3\u0142ty, pokazuje dni kt\u00f3re kto\u015b ju\u017c zg\u0142osi\u0142 do rezerwacji ale nie s\u0105 jeszcze zatwierdzone. Kolor szary reprezentuje dni, kt\u00f3re s\u0105 aktualnie dost\u0119pne. Aby poprosi\u0107 o rezerwacj\u0119, nale\u017cy wype\u0142ni\u0107 formularz znajduj\u0105cy si\u0119 po prawej stronie kalendarza i poda\u0107 w nim swoje wymagane [&hellip;]\" \/>\n<meta property=\"og:url\" content=\"https:\/\/borucino36.pl\/?page_id=328\" \/>\n<meta property=\"og:site_name\" content=\"Borucino36\" \/>\n<meta property=\"article:modified_time\" content=\"2020-12-04T11:07:38+00:00\" \/>\n<meta name=\"twitter:card\" content=\"summary_large_image\" \/>\n<meta name=\"twitter:label1\" content=\"Szacowany czas czytania\" \/>\n\t<meta name=\"twitter:data1\" content=\"1 minuta\" \/>\n<script type=\"application\/ld+json\" class=\"yoast-schema-graph\">{\"@context\":\"https:\\\/\\\/schema.org\",\"@graph\":[{\"@type\":\"WebPage\",\"@id\":\"https:\\\/\\\/borucino36.pl\\\/?page_id=328\",\"url\":\"https:\\\/\\\/borucino36.pl\\\/?page_id=328\",\"name\":\"Kalendarz | Borucino36\",\"isPartOf\":{\"@id\":\"https:\\\/\\\/borucino36.pl\\\/#website\"},\"datePublished\":\"2020-12-02T09:23:46+00:00\",\"dateModified\":\"2020-12-04T11:07:38+00:00\",\"breadcrumb\":{\"@id\":\"https:\\\/\\\/borucino36.pl\\\/?page_id=328#breadcrumb\"},\"inLanguage\":\"pl-PL\",\"potentialAction\":[{\"@type\":\"ReadAction\",\"target\":[\"https:\\\/\\\/borucino36.pl\\\/?page_id=328\"]}]},{\"@type\":\"BreadcrumbList\",\"@id\":\"https:\\\/\\\/borucino36.pl\\\/?page_id=328#breadcrumb\",\"itemListElement\":[{\"@type\":\"ListItem\",\"position\":1,\"name\":\"Strona g\u0142\u00f3wna\",\"item\":\"https:\\\/\\\/borucino36.pl\\\/\"},{\"@type\":\"ListItem\",\"position\":2,\"name\":\"Kalendarz\"}]},{\"@type\":\"WebSite\",\"@id\":\"https:\\\/\\\/borucino36.pl\\\/#website\",\"url\":\"https:\\\/\\\/borucino36.pl\\\/\",\"name\":\"Borucino36\",\"description\":\"Odpoczywajka na Kaszubach\",\"publisher\":{\"@id\":\"https:\\\/\\\/borucino36.pl\\\/#\\\/schema\\\/person\\\/311f3d2c8f775d719776f06def68ac57\"},\"potentialAction\":[{\"@type\":\"SearchAction\",\"target\":{\"@type\":\"EntryPoint\",\"urlTemplate\":\"https:\\\/\\\/borucino36.pl\\\/?s={search_term_string}\"},\"query-input\":{\"@type\":\"PropertyValueSpecification\",\"valueRequired\":true,\"valueName\":\"search_term_string\"}}],\"inLanguage\":\"pl-PL\"},{\"@type\":[\"Person\",\"Organization\"],\"@id\":\"https:\\\/\\\/borucino36.pl\\\/#\\\/schema\\\/person\\\/311f3d2c8f775d719776f06def68ac57\",\"name\":\"Sabina Lewna\",\"image\":{\"@type\":\"ImageObject\",\"inLanguage\":\"pl-PL\",\"@id\":\"https:\\\/\\\/secure.gravatar.com\\\/avatar\\\/b7190c903eb013c21711a00c43c6033779e1b6f39c69a547de5694c5f2f63733?s=96&d=mm&r=g\",\"url\":\"https:\\\/\\\/secure.gravatar.com\\\/avatar\\\/b7190c903eb013c21711a00c43c6033779e1b6f39c69a547de5694c5f2f63733?s=96&d=mm&r=g\",\"contentUrl\":\"https:\\\/\\\/secure.gravatar.com\\\/avatar\\\/b7190c903eb013c21711a00c43c6033779e1b6f39c69a547de5694c5f2f63733?s=96&d=mm&r=g\",\"caption\":\"Sabina Lewna\"},\"logo\":{\"@id\":\"https:\\\/\\\/secure.gravatar.com\\\/avatar\\\/b7190c903eb013c21711a00c43c6033779e1b6f39c69a547de5694c5f2f63733?s=96&d=mm&r=g\"},\"sameAs\":[\"http:\\\/\\\/www.borucino36.pl\"]}]}<\/script>\n<!-- \/ Yoast SEO plugin. -->","yoast_head_json":{"title":"Kalendarz | Borucino36","robots":{"index":"index","follow":"follow","max-snippet":"max-snippet:-1","max-image-preview":"max-image-preview:large","max-video-preview":"max-video-preview:-1"},"canonical":"https:\/\/borucino36.pl\/?page_id=328","og_locale":"pl_PL","og_type":"article","og_title":"Kalendarz | Borucino36","og_description":"Kalendarz poni\u017cej, przedstawia stan rezerwacji na dany miesi\u0105c. Kolor br\u0105zowy, pokazuje dni zarezerwowane. Kolor \u017c\u00f3\u0142ty, pokazuje dni kt\u00f3re kto\u015b ju\u017c zg\u0142osi\u0142 do rezerwacji ale nie s\u0105 jeszcze zatwierdzone. Kolor szary reprezentuje dni, kt\u00f3re s\u0105 aktualnie dost\u0119pne. Aby poprosi\u0107 o rezerwacj\u0119, nale\u017cy wype\u0142ni\u0107 formularz znajduj\u0105cy si\u0119 po prawej stronie kalendarza i poda\u0107 w nim swoje wymagane [&hellip;]","og_url":"https:\/\/borucino36.pl\/?page_id=328","og_site_name":"Borucino36","article_modified_time":"2020-12-04T11:07:38+00:00","twitter_card":"summary_large_image","twitter_misc":{"Szacowany czas czytania":"1 minuta"},"schema":{"@context":"https:\/\/schema.org","@graph":[{"@type":"WebPage","@id":"https:\/\/borucino36.pl\/?page_id=328","url":"https:\/\/borucino36.pl\/?page_id=328","name":"Kalendarz | Borucino36","isPartOf":{"@id":"https:\/\/borucino36.pl\/#website"},"datePublished":"2020-12-02T09:23:46+00:00","dateModified":"2020-12-04T11:07:38+00:00","breadcrumb":{"@id":"https:\/\/borucino36.pl\/?page_id=328#breadcrumb"},"inLanguage":"pl-PL","potentialAction":[{"@type":"ReadAction","target":["https:\/\/borucino36.pl\/?page_id=328"]}]},{"@type":"BreadcrumbList","@id":"https:\/\/borucino36.pl\/?page_id=328#breadcrumb","itemListElement":[{"@type":"ListItem","position":1,"name":"Strona g\u0142\u00f3wna","item":"https:\/\/borucino36.pl\/"},{"@type":"ListItem","position":2,"name":"Kalendarz"}]},{"@type":"WebSite","@id":"https:\/\/borucino36.pl\/#website","url":"https:\/\/borucino36.pl\/","name":"Borucino36","description":"Odpoczywajka na Kaszubach","publisher":{"@id":"https:\/\/borucino36.pl\/#\/schema\/person\/311f3d2c8f775d719776f06def68ac57"},"potentialAction":[{"@type":"SearchAction","target":{"@type":"EntryPoint","urlTemplate":"https:\/\/borucino36.pl\/?s={search_term_string}"},"query-input":{"@type":"PropertyValueSpecification","valueRequired":true,"valueName":"search_term_string"}}],"inLanguage":"pl-PL"},{"@type":["Person","Organization"],"@id":"https:\/\/borucino36.pl\/#\/schema\/person\/311f3d2c8f775d719776f06def68ac57","name":"Sabina Lewna","image":{"@type":"ImageObject","inLanguage":"pl-PL","@id":"https:\/\/secure.gravatar.com\/avatar\/b7190c903eb013c21711a00c43c6033779e1b6f39c69a547de5694c5f2f63733?s=96&d=mm&r=g","url":"https:\/\/secure.gravatar.com\/avatar\/b7190c903eb013c21711a00c43c6033779e1b6f39c69a547de5694c5f2f63733?s=96&d=mm&r=g","contentUrl":"https:\/\/secure.gravatar.com\/avatar\/b7190c903eb013c21711a00c43c6033779e1b6f39c69a547de5694c5f2f63733?s=96&d=mm&r=g","caption":"Sabina Lewna"},"logo":{"@id":"https:\/\/secure.gravatar.com\/avatar\/b7190c903eb013c21711a00c43c6033779e1b6f39c69a547de5694c5f2f63733?s=96&d=mm&r=g"},"sameAs":["http:\/\/www.borucino36.pl"]}]}},"_links":{"self":[{"href":"https:\/\/borucino36.pl\/index.php?rest_route=\/wp\/v2\/pages\/328","targetHints":{"allow":["GET"]}}],"collection":[{"href":"https:\/\/borucino36.pl\/index.php?rest_route=\/wp\/v2\/pages"}],"about":[{"href":"https:\/\/borucino36.pl\/index.php?rest_route=\/wp\/v2\/types\/page"}],"author":[{"embeddable":true,"href":"https:\/\/borucino36.pl\/index.php?rest_route=\/wp\/v2\/users\/2"}],"replies":[{"embeddable":true,"href":"https:\/\/borucino36.pl\/index.php?rest_route=%2Fwp%2Fv2%2Fcomments&post=328"}],"version-history":[{"count":36,"href":"https:\/\/borucino36.pl\/index.php?rest_route=\/wp\/v2\/pages\/328\/revisions"}],"predecessor-version":[{"id":446,"href":"https:\/\/borucino36.pl\/index.php?rest_route=\/wp\/v2\/pages\/328\/revisions\/446"}],"wp:attachment":[{"href":"https:\/\/borucino36.pl\/index.php?rest_route=%2Fwp%2Fv2%2Fmedia&parent=328"}],"curies":[{"name":"wp","href":"https:\/\/api.w.org\/{rel}","templated":true}]}}