{"id":542,"date":"2021-01-02T17:39:10","date_gmt":"2021-01-02T16:39:10","guid":{"rendered":"https:\/\/borucino36.pl\/?page_id=542"},"modified":"2021-01-02T18:47:38","modified_gmt":"2021-01-02T17:47:38","slug":"odpoczywajka-nasze-atrakcje-oferta","status":"publish","type":"page","link":"https:\/\/borucino36.pl\/?page_id=542","title":{"rendered":"Odpoczywajka"},"content":{"rendered":"\n<div class=\"wp-block-cover alignfull has-background-dim-30 has-background-dim\" style=\"background-image:url(https:\/\/borucino36.pl\/wp-content\/uploads\/2021\/01\/1212.jpg);background-color:#040219;min-height:550px;aspect-ratio:unset;\"><div class=\"wp-block-cover__inner-container is-layout-flow wp-block-cover-is-layout-flow\">\n<h1 class=\"has-text-align-center has-white-color has-text-color wp-block-heading\"><\/h1>\n<\/div><\/div>\n\n\n\n<h2 class=\"has-text-align-center wp-block-heading\">Wszystkie atrakcje w naszej odpoczywajce<\/h2>\n\n\n\n<hr class=\"wp-block-separator\"\/>\n\n\n\n<div class=\"wp-block-columns is-layout-flex wp-container-core-columns-is-layout-28f84493 wp-block-columns-is-layout-flex\">\n<div class=\"wp-block-column is-layout-flow wp-block-column-is-layout-flow\">\n<div class=\"wp-block-media-text alignwide has-media-on-the-right is-stacked-on-mobile\"><figure class=\"wp-block-media-text__media\"><img loading=\"lazy\" decoding=\"async\" width=\"1024\" height=\"682\" src=\"https:\/\/borucino36.pl\/wp-content\/uploads\/2020\/11\/IMG1069-s-1024x682.jpg\" alt=\"\" class=\"wp-image-157 size-full\"\/><\/figure><div class=\"wp-block-media-text__content\">\n<p class=\"has-medium-font-size\"><strong>Sauna i bania<\/strong><\/p>\n\n\n\n<p style=\"font-size:18px\">W naszej Odpoczywajce znajduje si\u0119 bania oraz sauna opalane drewnem. S\u0105 one dost\u0119pne dla naszych go\u015bci bez \u017cadnych ogranicze\u0144. W kompleksie bani i sauny znajduje si\u0119 r\u00f3wnie\u017c miejsce na relaks, wyposa\u017cone w le\u017caki, st\u00f3\u0142 i \u0142awy. <\/p>\n<\/div><\/div>\n\n\n\n<div class=\"wp-block-media-text alignwide is-stacked-on-mobile\"><figure class=\"wp-block-media-text__media\"><img loading=\"lazy\" decoding=\"async\" width=\"1024\" height=\"768\" src=\"https:\/\/borucino36.pl\/wp-content\/uploads\/2021\/01\/20201023-Borucino_00022-1024x768.jpg\" alt=\"\" class=\"wp-image-553 size-full\" srcset=\"https:\/\/borucino36.pl\/wp-content\/uploads\/2021\/01\/20201023-Borucino_00022-1024x768.jpg 1024w, https:\/\/borucino36.pl\/wp-content\/uploads\/2021\/01\/20201023-Borucino_00022-300x225.jpg 300w, https:\/\/borucino36.pl\/wp-content\/uploads\/2021\/01\/20201023-Borucino_00022-768x576.jpg 768w, https:\/\/borucino36.pl\/wp-content\/uploads\/2021\/01\/20201023-Borucino_00022.jpg 1200w\" sizes=\"auto, (max-width: 1024px) 100vw, 1024px\" \/><\/figure><div class=\"wp-block-media-text__content\">\n<p class=\"has-text-align-right has-medium-font-size\"><strong>Piec do pizzy<\/strong><\/p>\n\n\n\n<p class=\"has-text-align-right\" style=\"font-size:18px\">W naszym kompleksie znajdziecie r\u00f3wnie\u017c opalany drewnem piec do pizzy lub innych wypiek\u00f3w. Mo\u017cna z niego korzysta\u0107 bez ogranicze\u0144 a drewno do rozpalania jest zlokalizowane w okolicy pieca i dost\u0119pne dla naszych go\u015bci. <\/p>\n<\/div><\/div>\n\n\n\n<div class=\"wp-block-media-text alignwide has-media-on-the-right is-stacked-on-mobile\"><figure class=\"wp-block-media-text__media\"><img loading=\"lazy\" decoding=\"async\" width=\"1024\" height=\"682\" src=\"https:\/\/borucino36.pl\/wp-content\/uploads\/2020\/11\/IMG0988-s-1024x682.jpg\" alt=\"\" class=\"wp-image-35 size-full\" srcset=\"https:\/\/borucino36.pl\/wp-content\/uploads\/2020\/11\/IMG0988-s-1024x682.jpg 1024w, https:\/\/borucino36.pl\/wp-content\/uploads\/2020\/11\/IMG0988-s-300x200.jpg 300w, https:\/\/borucino36.pl\/wp-content\/uploads\/2020\/11\/IMG0988-s-768x512.jpg 768w, https:\/\/borucino36.pl\/wp-content\/uploads\/2020\/11\/IMG0988-s-1536x1024.jpg 1536w, https:\/\/borucino36.pl\/wp-content\/uploads\/2020\/11\/IMG0988-s-1200x800.jpg 1200w, https:\/\/borucino36.pl\/wp-content\/uploads\/2020\/11\/IMG0988-s-1980x1320.jpg 1980w, https:\/\/borucino36.pl\/wp-content\/uploads\/2020\/11\/IMG0988-s.jpg 2000w\" sizes=\"auto, (max-width: 1024px) 100vw, 1024px\" \/><\/figure><div class=\"wp-block-media-text__content\">\n<p class=\"has-medium-font-size\"><strong>Si\u0142ownia<\/strong><\/p>\n\n\n\n<p>W domu Modrzewiowym znajduje si\u0119 w pe\u0142ni wyposa\u017cona si\u0142ownia z bie\u017cni\u0105 elektryczn\u0105, atlasem, przyrz\u0105dami do fitnessu, pi\u0142kami do \u0107wicze\u0144, hantlami itp. Oczywi\u015bcie jest ona dost\u0119pna dla naszych go\u015bci tak samo jak wszystkie inne udogodnienia w naszej Odpoczywajce.<\/p>\n<\/div><\/div>\n\n\n\n<div class=\"wp-block-media-text alignwide is-stacked-on-mobile\"><figure class=\"wp-block-media-text__media\"><img loading=\"lazy\" decoding=\"async\" width=\"1024\" height=\"684\" src=\"https:\/\/borucino36.pl\/wp-content\/uploads\/2020\/11\/IMG0842-s-1024x684.jpg\" alt=\"\" class=\"wp-image-40 size-full\" srcset=\"https:\/\/borucino36.pl\/wp-content\/uploads\/2020\/11\/IMG0842-s-1024x684.jpg 1024w, https:\/\/borucino36.pl\/wp-content\/uploads\/2020\/11\/IMG0842-s-300x200.jpg 300w, https:\/\/borucino36.pl\/wp-content\/uploads\/2020\/11\/IMG0842-s-768x513.jpg 768w, https:\/\/borucino36.pl\/wp-content\/uploads\/2020\/11\/IMG0842-s-1536x1025.jpg 1536w, https:\/\/borucino36.pl\/wp-content\/uploads\/2020\/11\/IMG0842-s-1200x801.jpg 1200w, https:\/\/borucino36.pl\/wp-content\/uploads\/2020\/11\/IMG0842-s-1980x1322.jpg 1980w, https:\/\/borucino36.pl\/wp-content\/uploads\/2020\/11\/IMG0842-s.jpg 2000w\" sizes=\"auto, (max-width: 1024px) 100vw, 1024px\" \/><\/figure><div class=\"wp-block-media-text__content\">\n<p class=\"has-text-align-right has-medium-font-size\"><strong>Hamaki i boisko do siatk\u00f3wki<\/strong><\/p>\n\n\n\n<p class=\"has-text-align-right\" style=\"font-size:18px\">Na terenie Odpoczywajki znajdziecie pa\u0144stwo boisko do siatk\u00f3wki, zamykan\u0105 wiat\u0119 na rowery oraz hamaki na kt\u00f3rych mo\u017cna odpoczywa\u0107 po aktywnie sp\u0119dzonym dniu.<\/p>\n<\/div><\/div>\n\n\n\n<div class=\"wp-block-media-text alignwide has-media-on-the-right is-stacked-on-mobile\"><figure class=\"wp-block-media-text__media\"><img loading=\"lazy\" decoding=\"async\" width=\"1024\" height=\"768\" src=\"https:\/\/borucino36.pl\/wp-content\/uploads\/2021\/01\/20201023-Borucino_00015-1024x768.jpg\" alt=\"\" class=\"wp-image-557 size-full\" srcset=\"https:\/\/borucino36.pl\/wp-content\/uploads\/2021\/01\/20201023-Borucino_00015-1024x768.jpg 1024w, https:\/\/borucino36.pl\/wp-content\/uploads\/2021\/01\/20201023-Borucino_00015-300x225.jpg 300w, https:\/\/borucino36.pl\/wp-content\/uploads\/2021\/01\/20201023-Borucino_00015-768x576.jpg 768w, https:\/\/borucino36.pl\/wp-content\/uploads\/2021\/01\/20201023-Borucino_00015.jpg 1200w\" sizes=\"auto, (max-width: 1024px) 100vw, 1024px\" \/><\/figure><div class=\"wp-block-media-text__content\">\n<p class=\"has-medium-font-size\"><strong>Plac zabaw<\/strong><\/p>\n\n\n\n<p style=\"font-size:18px\">Je\u015bli odwiedzicie nas z dzie\u0107mi to napewno nie b\u0119d\u0105 si\u0119 nudzi\u0107 sp\u0119dzaj\u0105c czas na placu zabaw.<\/p>\n<\/div><\/div>\n\n\n\n<div class=\"wp-block-media-text alignwide is-stacked-on-mobile\"><figure class=\"wp-block-media-text__media\"><img loading=\"lazy\" decoding=\"async\" width=\"1024\" height=\"768\" src=\"https:\/\/borucino36.pl\/wp-content\/uploads\/2021\/01\/20201023-Borucino_00016-1024x768.jpg\" alt=\"\" class=\"wp-image-554 size-full\" srcset=\"https:\/\/borucino36.pl\/wp-content\/uploads\/2021\/01\/20201023-Borucino_00016-1024x768.jpg 1024w, https:\/\/borucino36.pl\/wp-content\/uploads\/2021\/01\/20201023-Borucino_00016-300x225.jpg 300w, https:\/\/borucino36.pl\/wp-content\/uploads\/2021\/01\/20201023-Borucino_00016-768x576.jpg 768w, https:\/\/borucino36.pl\/wp-content\/uploads\/2021\/01\/20201023-Borucino_00016.jpg 1200w\" sizes=\"auto, (max-width: 1024px) 100vw, 1024px\" \/><\/figure><div class=\"wp-block-media-text__content\">\n<p class=\"has-text-align-right has-medium-font-size\"><strong>Parking<\/strong><\/p>\n\n\n\n<p class=\"has-text-align-right\" style=\"font-size:18px\">Dla naszych go\u015bci, przygotowali\u015bmy dedykowany parking, kt\u00f3ry pomie\u015bci kilkana\u015bcie samochod\u00f3w. Dla go\u015bci Odpoczywajki parking jest oczywi\u015bcie bezp\u0142atny.<\/p>\n<\/div><\/div>\n<\/div>\n<\/div>\n\n\n\n<div class=\"wp-block-cover alignfull has-background-dim has-parallax\" style=\"background-image:url(https:\/\/borucino36.pl\/wp-content\/uploads\/2020\/11\/IMG0988-s.jpg)\"><div class=\"wp-block-cover__inner-container is-layout-flow wp-block-cover-is-layout-flow\">\n<p class=\"has-text-align-center has-large-font-size\">Dowiedz si\u0119 wi\u0119cej o naszych domach<\/p>\n<\/div><\/div>\n\n\n\n<div class=\"wp-block-group alignfull has-background\" style=\"background-color:#f7f7f7\"><div class=\"wp-block-group__inner-container is-layout-flow wp-block-group-is-layout-flow\">\n<div class=\"wp-block-columns alignwide is-layout-flex wp-container-core-columns-is-layout-28f84493 wp-block-columns-is-layout-flex\">\n<div class=\"wp-block-column is-layout-flow wp-block-column-is-layout-flow\" style=\"flex-basis:50%\"><\/div>\n\n\n\n<div class=\"wp-block-column is-layout-flow wp-block-column-is-layout-flow\" style=\"flex-basis:50%\"><\/div>\n<\/div>\n<\/div><\/div>\n\n\n\n<p><\/p>\n","protected":false},"excerpt":{"rendered":"<p>Wszystkie atrakcje w naszej odpoczywajce Sauna i bania W naszej Odpoczywajce znajduje si\u0119 bania oraz sauna opalane drewnem. S\u0105 one dost\u0119pne dla naszych go\u015bci bez \u017cadnych ogranicze\u0144. W kompleksie bani i sauny znajduje si\u0119 r\u00f3wnie\u017c miejsce na relaks, wyposa\u017cone w le\u017caki, st\u00f3\u0142 i \u0142awy. Piec do pizzy W naszym kompleksie znajdziecie r\u00f3wnie\u017c opalany drewnem piec [&hellip;]<\/p>\n","protected":false},"author":2,"featured_media":0,"parent":0,"menu_order":0,"comment_status":"closed","ping_status":"closed","template":"","meta":{"_monsterinsights_skip_tracking":false,"_monsterinsights_sitenote_active":false,"_monsterinsights_sitenote_note":"","_monsterinsights_sitenote_category":0,"site-sidebar-layout":"no-sidebar","site-content-layout":"plain-container","ast-site-content-layout":"default","site-content-style":"default","site-sidebar-style":"default","ast-global-header-display":"","ast-banner-title-visibility":"","ast-main-header-display":"","ast-hfb-above-header-display":"","ast-hfb-below-header-display":"","ast-hfb-mobile-header-display":"","site-post-title":"disabled","ast-breadcrumbs-content":"","ast-featured-img":"","footer-sml-layout":"","ast-disable-related-posts":"","theme-transparent-header-meta":"enabled","adv-header-id-meta":"","stick-header-meta":"","header-above-stick-meta":"","header-main-stick-meta":"","header-below-stick-meta":"","astra-migrate-meta-layouts":"default","ast-page-background-enabled":"default","ast-page-background-meta":{"desktop":{"background-color":"var(--ast-global-color-4)","background-image":"","background-repeat":"repeat","background-position":"center center","background-size":"auto","background-attachment":"scroll","background-type":"","background-media":"","overlay-type":"","overlay-color":"","overlay-opacity":"","overlay-gradient":""},"tablet":{"background-color":"","background-image":"","background-repeat":"repeat","background-position":"center center","background-size":"auto","background-attachment":"scroll","background-type":"","background-media":"","overlay-type":"","overlay-color":"","overlay-opacity":"","overlay-gradient":""},"mobile":{"background-color":"","background-image":"","background-repeat":"repeat","background-position":"center center","background-size":"auto","background-attachment":"scroll","background-type":"","background-media":"","overlay-type":"","overlay-color":"","overlay-opacity":"","overlay-gradient":""}},"ast-content-background-meta":{"desktop":{"background-color":"var(--ast-global-color-5)","background-image":"","background-repeat":"repeat","background-position":"center center","background-size":"auto","background-attachment":"scroll","background-type":"","background-media":"","overlay-type":"","overlay-color":"","overlay-opacity":"","overlay-gradient":""},"tablet":{"background-color":"var(--ast-global-color-5)","background-image":"","background-repeat":"repeat","background-position":"center center","background-size":"auto","background-attachment":"scroll","background-type":"","background-media":"","overlay-type":"","overlay-color":"","overlay-opacity":"","overlay-gradient":""},"mobile":{"background-color":"var(--ast-global-color-5)","background-image":"","background-repeat":"repeat","background-position":"center center","background-size":"auto","background-attachment":"scroll","background-type":"","background-media":"","overlay-type":"","overlay-color":"","overlay-opacity":"","overlay-gradient":""}},"footnotes":""},"class_list":["post-542","page","type-page","status-publish","hentry"],"yoast_head":"<!-- This site is optimized with the Yoast SEO plugin v27.4 - https:\/\/yoast.com\/product\/yoast-seo-wordpress\/ -->\n<title>%Odpoczywajka Borucino, agroturysytka, Kaszuby | Borucino36<\/title>\n<meta name=\"description\" content=\"Te atrakcje znajdziecie w naszej odpoczywajce. Znajduja sie tutaj sauna, bania, piec do pizzy, boisko do siatk\u00f3wki, wiata na rowery, si\u0142owni\" \/>\n<meta name=\"robots\" content=\"index, follow, max-snippet:-1, max-image-preview:large, max-video-preview:-1\" \/>\n<link rel=\"canonical\" href=\"https:\/\/borucino36.pl\/?page_id=542\" \/>\n<meta property=\"og:locale\" content=\"pl_PL\" \/>\n<meta property=\"og:type\" content=\"article\" \/>\n<meta property=\"og:title\" content=\"%Odpoczywajka Borucino, agroturysytka, Kaszuby | Borucino36\" \/>\n<meta property=\"og:description\" content=\"Te atrakcje znajdziecie w naszej odpoczywajce. Znajduja sie tutaj sauna, bania, piec do pizzy, boisko do siatk\u00f3wki, wiata na rowery, si\u0142owni\" \/>\n<meta property=\"og:url\" content=\"https:\/\/borucino36.pl\/?page_id=542\" \/>\n<meta property=\"og:site_name\" content=\"Borucino36\" \/>\n<meta property=\"article:modified_time\" content=\"2021-01-02T17:47:38+00:00\" \/>\n<meta property=\"og:image\" content=\"https:\/\/borucino36.pl\/wp-content\/uploads\/2020\/11\/IMG1069-s-1024x682.jpg\" \/>\n<meta name=\"twitter:card\" content=\"summary_large_image\" \/>\n<meta name=\"twitter:label1\" content=\"Szacowany czas czytania\" \/>\n\t<meta name=\"twitter:data1\" content=\"1 minuta\" \/>\n<script type=\"application\/ld+json\" class=\"yoast-schema-graph\">{\"@context\":\"https:\\\/\\\/schema.org\",\"@graph\":[{\"@type\":\"WebPage\",\"@id\":\"https:\\\/\\\/borucino36.pl\\\/?page_id=542\",\"url\":\"https:\\\/\\\/borucino36.pl\\\/?page_id=542\",\"name\":\"%Odpoczywajka Borucino, agroturysytka, Kaszuby | Borucino36\",\"isPartOf\":{\"@id\":\"https:\\\/\\\/borucino36.pl\\\/#website\"},\"primaryImageOfPage\":{\"@id\":\"https:\\\/\\\/borucino36.pl\\\/?page_id=542#primaryimage\"},\"image\":{\"@id\":\"https:\\\/\\\/borucino36.pl\\\/?page_id=542#primaryimage\"},\"thumbnailUrl\":\"https:\\\/\\\/borucino36.pl\\\/wp-content\\\/uploads\\\/2020\\\/11\\\/IMG1069-s-1024x682.jpg\",\"datePublished\":\"2021-01-02T16:39:10+00:00\",\"dateModified\":\"2021-01-02T17:47:38+00:00\",\"description\":\"Te atrakcje znajdziecie w naszej odpoczywajce. Znajduja sie tutaj sauna, bania, piec do pizzy, boisko do siatk\u00f3wki, wiata na rowery, si\u0142owni\",\"breadcrumb\":{\"@id\":\"https:\\\/\\\/borucino36.pl\\\/?page_id=542#breadcrumb\"},\"inLanguage\":\"pl-PL\",\"potentialAction\":[{\"@type\":\"ReadAction\",\"target\":[\"https:\\\/\\\/borucino36.pl\\\/?page_id=542\"]}]},{\"@type\":\"ImageObject\",\"inLanguage\":\"pl-PL\",\"@id\":\"https:\\\/\\\/borucino36.pl\\\/?page_id=542#primaryimage\",\"url\":\"https:\\\/\\\/borucino36.pl\\\/wp-content\\\/uploads\\\/2020\\\/11\\\/IMG1069-s-1024x682.jpg\",\"contentUrl\":\"https:\\\/\\\/borucino36.pl\\\/wp-content\\\/uploads\\\/2020\\\/11\\\/IMG1069-s-1024x682.jpg\"},{\"@type\":\"BreadcrumbList\",\"@id\":\"https:\\\/\\\/borucino36.pl\\\/?page_id=542#breadcrumb\",\"itemListElement\":[{\"@type\":\"ListItem\",\"position\":1,\"name\":\"Strona g\u0142\u00f3wna\",\"item\":\"https:\\\/\\\/borucino36.pl\\\/\"},{\"@type\":\"ListItem\",\"position\":2,\"name\":\"Odpoczywajka\"}]},{\"@type\":\"WebSite\",\"@id\":\"https:\\\/\\\/borucino36.pl\\\/#website\",\"url\":\"https:\\\/\\\/borucino36.pl\\\/\",\"name\":\"Borucino36\",\"description\":\"Odpoczywajka na Kaszubach\",\"publisher\":{\"@id\":\"https:\\\/\\\/borucino36.pl\\\/#\\\/schema\\\/person\\\/311f3d2c8f775d719776f06def68ac57\"},\"potentialAction\":[{\"@type\":\"SearchAction\",\"target\":{\"@type\":\"EntryPoint\",\"urlTemplate\":\"https:\\\/\\\/borucino36.pl\\\/?s={search_term_string}\"},\"query-input\":{\"@type\":\"PropertyValueSpecification\",\"valueRequired\":true,\"valueName\":\"search_term_string\"}}],\"inLanguage\":\"pl-PL\"},{\"@type\":[\"Person\",\"Organization\"],\"@id\":\"https:\\\/\\\/borucino36.pl\\\/#\\\/schema\\\/person\\\/311f3d2c8f775d719776f06def68ac57\",\"name\":\"Sabina Lewna\",\"image\":{\"@type\":\"ImageObject\",\"inLanguage\":\"pl-PL\",\"@id\":\"https:\\\/\\\/secure.gravatar.com\\\/avatar\\\/b7190c903eb013c21711a00c43c6033779e1b6f39c69a547de5694c5f2f63733?s=96&d=mm&r=g\",\"url\":\"https:\\\/\\\/secure.gravatar.com\\\/avatar\\\/b7190c903eb013c21711a00c43c6033779e1b6f39c69a547de5694c5f2f63733?s=96&d=mm&r=g\",\"contentUrl\":\"https:\\\/\\\/secure.gravatar.com\\\/avatar\\\/b7190c903eb013c21711a00c43c6033779e1b6f39c69a547de5694c5f2f63733?s=96&d=mm&r=g\",\"caption\":\"Sabina Lewna\"},\"logo\":{\"@id\":\"https:\\\/\\\/secure.gravatar.com\\\/avatar\\\/b7190c903eb013c21711a00c43c6033779e1b6f39c69a547de5694c5f2f63733?s=96&d=mm&r=g\"},\"sameAs\":[\"http:\\\/\\\/www.borucino36.pl\"]}]}<\/script>\n<!-- \/ Yoast SEO plugin. -->","yoast_head_json":{"title":"%Odpoczywajka Borucino, agroturysytka, Kaszuby | Borucino36","description":"Te atrakcje znajdziecie w naszej odpoczywajce. Znajduja sie tutaj sauna, bania, piec do pizzy, boisko do siatk\u00f3wki, wiata na rowery, si\u0142owni","robots":{"index":"index","follow":"follow","max-snippet":"max-snippet:-1","max-image-preview":"max-image-preview:large","max-video-preview":"max-video-preview:-1"},"canonical":"https:\/\/borucino36.pl\/?page_id=542","og_locale":"pl_PL","og_type":"article","og_title":"%Odpoczywajka Borucino, agroturysytka, Kaszuby | Borucino36","og_description":"Te atrakcje znajdziecie w naszej odpoczywajce. Znajduja sie tutaj sauna, bania, piec do pizzy, boisko do siatk\u00f3wki, wiata na rowery, si\u0142owni","og_url":"https:\/\/borucino36.pl\/?page_id=542","og_site_name":"Borucino36","article_modified_time":"2021-01-02T17:47:38+00:00","og_image":[{"url":"https:\/\/borucino36.pl\/wp-content\/uploads\/2020\/11\/IMG1069-s-1024x682.jpg","type":"","width":"","height":""}],"twitter_card":"summary_large_image","twitter_misc":{"Szacowany czas czytania":"1 minuta"},"schema":{"@context":"https:\/\/schema.org","@graph":[{"@type":"WebPage","@id":"https:\/\/borucino36.pl\/?page_id=542","url":"https:\/\/borucino36.pl\/?page_id=542","name":"%Odpoczywajka Borucino, agroturysytka, Kaszuby | Borucino36","isPartOf":{"@id":"https:\/\/borucino36.pl\/#website"},"primaryImageOfPage":{"@id":"https:\/\/borucino36.pl\/?page_id=542#primaryimage"},"image":{"@id":"https:\/\/borucino36.pl\/?page_id=542#primaryimage"},"thumbnailUrl":"https:\/\/borucino36.pl\/wp-content\/uploads\/2020\/11\/IMG1069-s-1024x682.jpg","datePublished":"2021-01-02T16:39:10+00:00","dateModified":"2021-01-02T17:47:38+00:00","description":"Te atrakcje znajdziecie w naszej odpoczywajce. Znajduja sie tutaj sauna, bania, piec do pizzy, boisko do siatk\u00f3wki, wiata na rowery, si\u0142owni","breadcrumb":{"@id":"https:\/\/borucino36.pl\/?page_id=542#breadcrumb"},"inLanguage":"pl-PL","potentialAction":[{"@type":"ReadAction","target":["https:\/\/borucino36.pl\/?page_id=542"]}]},{"@type":"ImageObject","inLanguage":"pl-PL","@id":"https:\/\/borucino36.pl\/?page_id=542#primaryimage","url":"https:\/\/borucino36.pl\/wp-content\/uploads\/2020\/11\/IMG1069-s-1024x682.jpg","contentUrl":"https:\/\/borucino36.pl\/wp-content\/uploads\/2020\/11\/IMG1069-s-1024x682.jpg"},{"@type":"BreadcrumbList","@id":"https:\/\/borucino36.pl\/?page_id=542#breadcrumb","itemListElement":[{"@type":"ListItem","position":1,"name":"Strona g\u0142\u00f3wna","item":"https:\/\/borucino36.pl\/"},{"@type":"ListItem","position":2,"name":"Odpoczywajka"}]},{"@type":"WebSite","@id":"https:\/\/borucino36.pl\/#website","url":"https:\/\/borucino36.pl\/","name":"Borucino36","description":"Odpoczywajka na Kaszubach","publisher":{"@id":"https:\/\/borucino36.pl\/#\/schema\/person\/311f3d2c8f775d719776f06def68ac57"},"potentialAction":[{"@type":"SearchAction","target":{"@type":"EntryPoint","urlTemplate":"https:\/\/borucino36.pl\/?s={search_term_string}"},"query-input":{"@type":"PropertyValueSpecification","valueRequired":true,"valueName":"search_term_string"}}],"inLanguage":"pl-PL"},{"@type":["Person","Organization"],"@id":"https:\/\/borucino36.pl\/#\/schema\/person\/311f3d2c8f775d719776f06def68ac57","name":"Sabina Lewna","image":{"@type":"ImageObject","inLanguage":"pl-PL","@id":"https:\/\/secure.gravatar.com\/avatar\/b7190c903eb013c21711a00c43c6033779e1b6f39c69a547de5694c5f2f63733?s=96&d=mm&r=g","url":"https:\/\/secure.gravatar.com\/avatar\/b7190c903eb013c21711a00c43c6033779e1b6f39c69a547de5694c5f2f63733?s=96&d=mm&r=g","contentUrl":"https:\/\/secure.gravatar.com\/avatar\/b7190c903eb013c21711a00c43c6033779e1b6f39c69a547de5694c5f2f63733?s=96&d=mm&r=g","caption":"Sabina Lewna"},"logo":{"@id":"https:\/\/secure.gravatar.com\/avatar\/b7190c903eb013c21711a00c43c6033779e1b6f39c69a547de5694c5f2f63733?s=96&d=mm&r=g"},"sameAs":["http:\/\/www.borucino36.pl"]}]}},"_links":{"self":[{"href":"https:\/\/borucino36.pl\/index.php?rest_route=\/wp\/v2\/pages\/542","targetHints":{"allow":["GET"]}}],"collection":[{"href":"https:\/\/borucino36.pl\/index.php?rest_route=\/wp\/v2\/pages"}],"about":[{"href":"https:\/\/borucino36.pl\/index.php?rest_route=\/wp\/v2\/types\/page"}],"author":[{"embeddable":true,"href":"https:\/\/borucino36.pl\/index.php?rest_route=\/wp\/v2\/users\/2"}],"replies":[{"embeddable":true,"href":"https:\/\/borucino36.pl\/index.php?rest_route=%2Fwp%2Fv2%2Fcomments&post=542"}],"version-history":[{"count":13,"href":"https:\/\/borucino36.pl\/index.php?rest_route=\/wp\/v2\/pages\/542\/revisions"}],"predecessor-version":[{"id":561,"href":"https:\/\/borucino36.pl\/index.php?rest_route=\/wp\/v2\/pages\/542\/revisions\/561"}],"wp:attachment":[{"href":"https:\/\/borucino36.pl\/index.php?rest_route=%2Fwp%2Fv2%2Fmedia&parent=542"}],"curies":[{"name":"wp","href":"https:\/\/api.w.org\/{rel}","templated":true}]}}